{"id":2977,"date":"2026-02-10T14:23:37","date_gmt":"2026-02-10T17:23:37","guid":{"rendered":"https:\/\/engrebras.com.br\/?post_type=product&#038;p=2977"},"modified":"2026-02-10T14:23:37","modified_gmt":"2026-02-10T17:23:37","slug":"fivela-completa-com-rabicho-e-kit-fixador","status":"publish","type":"product","link":"https:\/\/engrebras.com.br\/?product=fivela-completa-com-rabicho-e-kit-fixador","title":{"rendered":"Fivela Completa com Rabicho e Kit Fixador"},"content":{"rendered":"<p>Fivela completa para fixa\u00e7\u00e3o da lona do sider.<\/p>\n<p>Fabricado com materiais de alta qualidade para garantir durabilidade e resist\u00eancia.<br \/>\ncom rabicho e kit fixador<\/p>\n<p class=\"p1\">Desde 1971 atendendo grandes marcas, que prezam por qualidade e agilidade.<\/p>\n<p class=\"p1\">Somos, hoje l\u00edderes na fabrica\u00e7\u00e3o de implementos rodovi\u00e1rios, catraca fixa e engrenagens. Atendemos as maiores empresas, nacionais e internacionais do segmento com seriedade e profissionalismo. Investimos constantemente em inova\u00e7\u00e3o, tecnologia e seguran\u00e7a para que nossos clientes estejam sempre \u00e0 frente.<\/p>\n","protected":false},"excerpt":{"rendered":"<p>Fivela completa para fixa\u00e7\u00e3o da lona do sider. Fabricado com materiais de alta qualidade para garantir durabilidade e resist\u00eancia. com rabicho e kit fixador Desde 1971 atendendo grandes marcas, que prezam por qualidade e agilidade. Somos, hoje l\u00edderes na fabrica\u00e7\u00e3o de implementos rodovi\u00e1rios, catraca fixa e engrenagens. Atendemos as maiores empresas, nacionais e internacionais do &hellip; <a href=\"https:\/\/engrebras.com.br\/?product=fivela-completa-com-rabicho-e-kit-fixador\" class=\"more-link\">Continue reading <span class=\"screen-reader-text\">Fivela Completa com Rabicho e Kit Fixador<\/span><\/a><\/p>\n","protected":false},"featured_media":2979,"comment_status":"open","ping_status":"closed","template":"","meta":[],"product_brand":[],"product_cat":[34],"product_tag":[],"class_list":{"0":"post-2977","1":"product","2":"type-product","3":"status-publish","4":"has-post-thumbnail","6":"product_cat-acessorios","8":"first","9":"instock","10":"shipping-taxable","11":"product-type-simple"},"yoast_head":"<!-- This site is optimized with the Yoast SEO plugin v27.4 - https:\/\/yoast.com\/product\/yoast-seo-wordpress\/ -->\n<title>Fivela Completa com Rabicho e Kit Fixador - Engrebras - Loja Virtual<\/title>\n<meta name=\"robots\" content=\"index, follow, max-snippet:-1, max-image-preview:large, max-video-preview:-1\" \/>\n<link rel=\"canonical\" href=\"https:\/\/engrebras.com.br\/?product=fivela-completa-com-rabicho-e-kit-fixador\" \/>\n<meta property=\"og:locale\" content=\"pt_BR\" \/>\n<meta property=\"og:type\" content=\"article\" \/>\n<meta property=\"og:title\" content=\"Fivela Completa com Rabicho e Kit Fixador - Engrebras - Loja Virtual\" \/>\n<meta property=\"og:description\" content=\"Fivela completa para fixa\u00e7\u00e3o da lona do sider. Fabricado com materiais de alta qualidade para garantir durabilidade e resist\u00eancia. com rabicho e kit fixador Desde 1971 atendendo grandes marcas, que prezam por qualidade e agilidade. Somos, hoje l\u00edderes na fabrica\u00e7\u00e3o de implementos rodovi\u00e1rios, catraca fixa e engrenagens. Atendemos as maiores empresas, nacionais e internacionais do &hellip; Continue reading Fivela Completa com Rabicho e Kit Fixador\" \/>\n<meta property=\"og:url\" content=\"https:\/\/engrebras.com.br\/?product=fivela-completa-com-rabicho-e-kit-fixador\" \/>\n<meta property=\"og:site_name\" content=\"Engrebras - Loja Virtual\" \/>\n<meta property=\"og:image\" content=\"https:\/\/engrebras.com.br\/wp-content\/uploads\/2026\/02\/IMG-20240823-WA0084-Photoroom.png\" \/>\n\t<meta property=\"og:image:width\" content=\"1280\" \/>\n\t<meta property=\"og:image:height\" content=\"1280\" \/>\n\t<meta property=\"og:image:type\" content=\"image\/png\" \/>\n<meta name=\"twitter:card\" content=\"summary_large_image\" \/>\n<script type=\"application\/ld+json\" class=\"yoast-schema-graph\">{\"@context\":\"https:\\\/\\\/schema.org\",\"@graph\":[{\"@type\":\"WebPage\",\"@id\":\"https:\\\/\\\/engrebras.com.br\\\/?product=fivela-completa-com-rabicho-e-kit-fixador\",\"url\":\"https:\\\/\\\/engrebras.com.br\\\/?product=fivela-completa-com-rabicho-e-kit-fixador\",\"name\":\"Fivela Completa com Rabicho e Kit Fixador - Engrebras - Loja Virtual\",\"isPartOf\":{\"@id\":\"https:\\\/\\\/engrebras.com.br\\\/#website\"},\"primaryImageOfPage\":{\"@id\":\"https:\\\/\\\/engrebras.com.br\\\/?product=fivela-completa-com-rabicho-e-kit-fixador#primaryimage\"},\"image\":{\"@id\":\"https:\\\/\\\/engrebras.com.br\\\/?product=fivela-completa-com-rabicho-e-kit-fixador#primaryimage\"},\"thumbnailUrl\":\"https:\\\/\\\/engrebras.com.br\\\/wp-content\\\/uploads\\\/2026\\\/02\\\/IMG-20240823-WA0084-Photoroom.png\",\"datePublished\":\"2026-02-10T17:23:37+00:00\",\"breadcrumb\":{\"@id\":\"https:\\\/\\\/engrebras.com.br\\\/?product=fivela-completa-com-rabicho-e-kit-fixador#breadcrumb\"},\"inLanguage\":\"pt-BR\",\"potentialAction\":[{\"@type\":\"ReadAction\",\"target\":[\"https:\\\/\\\/engrebras.com.br\\\/?product=fivela-completa-com-rabicho-e-kit-fixador\"]}]},{\"@type\":\"ImageObject\",\"inLanguage\":\"pt-BR\",\"@id\":\"https:\\\/\\\/engrebras.com.br\\\/?product=fivela-completa-com-rabicho-e-kit-fixador#primaryimage\",\"url\":\"https:\\\/\\\/engrebras.com.br\\\/wp-content\\\/uploads\\\/2026\\\/02\\\/IMG-20240823-WA0084-Photoroom.png\",\"contentUrl\":\"https:\\\/\\\/engrebras.com.br\\\/wp-content\\\/uploads\\\/2026\\\/02\\\/IMG-20240823-WA0084-Photoroom.png\",\"width\":1280,\"height\":1280},{\"@type\":\"BreadcrumbList\",\"@id\":\"https:\\\/\\\/engrebras.com.br\\\/?product=fivela-completa-com-rabicho-e-kit-fixador#breadcrumb\",\"itemListElement\":[{\"@type\":\"ListItem\",\"position\":1,\"name\":\"In\u00edcio\",\"item\":\"https:\\\/\\\/engrebras.com.br\\\/\"},{\"@type\":\"ListItem\",\"position\":2,\"name\":\"Shop\",\"item\":\"https:\\\/\\\/engrebras.com.br\\\/?page_id=2238\"},{\"@type\":\"ListItem\",\"position\":3,\"name\":\"Fivela Completa com Rabicho e Kit Fixador\"}]},{\"@type\":\"WebSite\",\"@id\":\"https:\\\/\\\/engrebras.com.br\\\/#website\",\"url\":\"https:\\\/\\\/engrebras.com.br\\\/\",\"name\":\"Engrebras - Loja Virtual\",\"description\":\"\",\"potentialAction\":[{\"@type\":\"SearchAction\",\"target\":{\"@type\":\"EntryPoint\",\"urlTemplate\":\"https:\\\/\\\/engrebras.com.br\\\/?s={search_term_string}\"},\"query-input\":{\"@type\":\"PropertyValueSpecification\",\"valueRequired\":true,\"valueName\":\"search_term_string\"}}],\"inLanguage\":\"pt-BR\"}]}<\/script>\n<!-- \/ Yoast SEO plugin. -->","yoast_head_json":{"title":"Fivela Completa com Rabicho e Kit Fixador - Engrebras - Loja Virtual","robots":{"index":"index","follow":"follow","max-snippet":"max-snippet:-1","max-image-preview":"max-image-preview:large","max-video-preview":"max-video-preview:-1"},"canonical":"https:\/\/engrebras.com.br\/?product=fivela-completa-com-rabicho-e-kit-fixador","og_locale":"pt_BR","og_type":"article","og_title":"Fivela Completa com Rabicho e Kit Fixador - Engrebras - Loja Virtual","og_description":"Fivela completa para fixa\u00e7\u00e3o da lona do sider. Fabricado com materiais de alta qualidade para garantir durabilidade e resist\u00eancia. com rabicho e kit fixador Desde 1971 atendendo grandes marcas, que prezam por qualidade e agilidade. Somos, hoje l\u00edderes na fabrica\u00e7\u00e3o de implementos rodovi\u00e1rios, catraca fixa e engrenagens. Atendemos as maiores empresas, nacionais e internacionais do &hellip; Continue reading Fivela Completa com Rabicho e Kit Fixador","og_url":"https:\/\/engrebras.com.br\/?product=fivela-completa-com-rabicho-e-kit-fixador","og_site_name":"Engrebras - Loja Virtual","og_image":[{"width":1280,"height":1280,"url":"https:\/\/engrebras.com.br\/wp-content\/uploads\/2026\/02\/IMG-20240823-WA0084-Photoroom.png","type":"image\/png"}],"twitter_card":"summary_large_image","schema":{"@context":"https:\/\/schema.org","@graph":[{"@type":"WebPage","@id":"https:\/\/engrebras.com.br\/?product=fivela-completa-com-rabicho-e-kit-fixador","url":"https:\/\/engrebras.com.br\/?product=fivela-completa-com-rabicho-e-kit-fixador","name":"Fivela Completa com Rabicho e Kit Fixador - Engrebras - Loja Virtual","isPartOf":{"@id":"https:\/\/engrebras.com.br\/#website"},"primaryImageOfPage":{"@id":"https:\/\/engrebras.com.br\/?product=fivela-completa-com-rabicho-e-kit-fixador#primaryimage"},"image":{"@id":"https:\/\/engrebras.com.br\/?product=fivela-completa-com-rabicho-e-kit-fixador#primaryimage"},"thumbnailUrl":"https:\/\/engrebras.com.br\/wp-content\/uploads\/2026\/02\/IMG-20240823-WA0084-Photoroom.png","datePublished":"2026-02-10T17:23:37+00:00","breadcrumb":{"@id":"https:\/\/engrebras.com.br\/?product=fivela-completa-com-rabicho-e-kit-fixador#breadcrumb"},"inLanguage":"pt-BR","potentialAction":[{"@type":"ReadAction","target":["https:\/\/engrebras.com.br\/?product=fivela-completa-com-rabicho-e-kit-fixador"]}]},{"@type":"ImageObject","inLanguage":"pt-BR","@id":"https:\/\/engrebras.com.br\/?product=fivela-completa-com-rabicho-e-kit-fixador#primaryimage","url":"https:\/\/engrebras.com.br\/wp-content\/uploads\/2026\/02\/IMG-20240823-WA0084-Photoroom.png","contentUrl":"https:\/\/engrebras.com.br\/wp-content\/uploads\/2026\/02\/IMG-20240823-WA0084-Photoroom.png","width":1280,"height":1280},{"@type":"BreadcrumbList","@id":"https:\/\/engrebras.com.br\/?product=fivela-completa-com-rabicho-e-kit-fixador#breadcrumb","itemListElement":[{"@type":"ListItem","position":1,"name":"In\u00edcio","item":"https:\/\/engrebras.com.br\/"},{"@type":"ListItem","position":2,"name":"Shop","item":"https:\/\/engrebras.com.br\/?page_id=2238"},{"@type":"ListItem","position":3,"name":"Fivela Completa com Rabicho e Kit Fixador"}]},{"@type":"WebSite","@id":"https:\/\/engrebras.com.br\/#website","url":"https:\/\/engrebras.com.br\/","name":"Engrebras - Loja Virtual","description":"","potentialAction":[{"@type":"SearchAction","target":{"@type":"EntryPoint","urlTemplate":"https:\/\/engrebras.com.br\/?s={search_term_string}"},"query-input":{"@type":"PropertyValueSpecification","valueRequired":true,"valueName":"search_term_string"}}],"inLanguage":"pt-BR"}]}},"_links":{"self":[{"href":"https:\/\/engrebras.com.br\/index.php?rest_route=\/wp\/v2\/product\/2977","targetHints":{"allow":["GET"]}}],"collection":[{"href":"https:\/\/engrebras.com.br\/index.php?rest_route=\/wp\/v2\/product"}],"about":[{"href":"https:\/\/engrebras.com.br\/index.php?rest_route=\/wp\/v2\/types\/product"}],"replies":[{"embeddable":true,"href":"https:\/\/engrebras.com.br\/index.php?rest_route=%2Fwp%2Fv2%2Fcomments&post=2977"}],"wp:featuredmedia":[{"embeddable":true,"href":"https:\/\/engrebras.com.br\/index.php?rest_route=\/wp\/v2\/media\/2979"}],"wp:attachment":[{"href":"https:\/\/engrebras.com.br\/index.php?rest_route=%2Fwp%2Fv2%2Fmedia&parent=2977"}],"wp:term":[{"taxonomy":"product_brand","embeddable":true,"href":"https:\/\/engrebras.com.br\/index.php?rest_route=%2Fwp%2Fv2%2Fproduct_brand&post=2977"},{"taxonomy":"product_cat","embeddable":true,"href":"https:\/\/engrebras.com.br\/index.php?rest_route=%2Fwp%2Fv2%2Fproduct_cat&post=2977"},{"taxonomy":"product_tag","embeddable":true,"href":"https:\/\/engrebras.com.br\/index.php?rest_route=%2Fwp%2Fv2%2Fproduct_tag&post=2977"}],"curies":[{"name":"wp","href":"https:\/\/api.w.org\/{rel}","templated":true}]}}