{"id":2960,"date":"2026-02-07T17:44:13","date_gmt":"2026-02-07T20:44:13","guid":{"rendered":"https:\/\/engrebras.com.br\/?post_type=product&#038;p=2960"},"modified":"2026-02-09T16:28:49","modified_gmt":"2026-02-09T19:28:49","slug":"rodizio-lona-sider-trilho-de-ferro","status":"publish","type":"product","link":"https:\/\/engrebras.com.br\/?product=rodizio-lona-sider-trilho-de-ferro","title":{"rendered":"Rod\u00edzio Lona Sider &#8211; Trilho de Ferro"},"content":{"rendered":"<p>Rod\u00edzio Lona Sider &#8211; Trilho de Ferro<\/p>\n<p>O Rod\u00edzio de lona para trilho de ferro foi desenvolvido em pl\u00e1stico e nylon super resistentes e a ferramenta \u00e9 indicada para ser utilizada em trilhos de alum\u00ednio. Com ela, \u00e9 poss\u00edvel realizar a fixa\u00e7\u00e3o da lona tranquilamente e ainda garantir a seguran\u00e7a das suas cargas.<\/p>\n<p class=\"p1\">Desde 1971 atendendo grandes marcas, que prezam por qualidade e agilidade.<\/p>\n<p class=\"p1\">Somos, hoje l\u00edderes na fabrica\u00e7\u00e3o de implementos rodovi\u00e1rios, catraca fixa e engrenagens. Atendemos as maiores empresas, nacionais e internacionais do segmento com seriedade e profissionalismo. Investimos constantemente em inova\u00e7\u00e3o, tecnologia e seguran\u00e7a para que nossos clientes estejam sempre \u00e0 frente.<\/p>\n","protected":false},"excerpt":{"rendered":"<p>Rod\u00edzio Lona Sider &#8211; Trilho de Ferro O Rod\u00edzio de lona para trilho de ferro foi desenvolvido em pl\u00e1stico e nylon super resistentes e a ferramenta \u00e9 indicada para ser utilizada em trilhos de alum\u00ednio. Com ela, \u00e9 poss\u00edvel realizar a fixa\u00e7\u00e3o da lona tranquilamente e ainda garantir a seguran\u00e7a das suas cargas. Desde 1971 &hellip; <a href=\"https:\/\/engrebras.com.br\/?product=rodizio-lona-sider-trilho-de-ferro\" class=\"more-link\">Continue reading <span class=\"screen-reader-text\">Rod\u00edzio Lona Sider &#8211; Trilho de Ferro<\/span><\/a><\/p>\n","protected":false},"featured_media":2964,"comment_status":"open","ping_status":"closed","template":"","meta":[],"product_brand":[],"product_cat":[34],"product_tag":[],"class_list":{"0":"post-2960","1":"product","2":"type-product","3":"status-publish","4":"has-post-thumbnail","6":"product_cat-acessorios","8":"first","9":"instock","10":"shipping-taxable","11":"product-type-simple"},"yoast_head":"<!-- This site is optimized with the Yoast SEO plugin v27.4 - https:\/\/yoast.com\/product\/yoast-seo-wordpress\/ -->\n<title>Rod\u00edzio Lona Sider - Trilho de Ferro - Engrebras - Loja Virtual<\/title>\n<meta name=\"robots\" content=\"index, follow, max-snippet:-1, max-image-preview:large, max-video-preview:-1\" \/>\n<link rel=\"canonical\" href=\"https:\/\/engrebras.com.br\/?product=rodizio-lona-sider-trilho-de-ferro\" \/>\n<meta property=\"og:locale\" content=\"pt_BR\" \/>\n<meta property=\"og:type\" content=\"article\" \/>\n<meta property=\"og:title\" content=\"Rod\u00edzio Lona Sider - Trilho de Ferro - Engrebras - Loja Virtual\" \/>\n<meta property=\"og:description\" content=\"Rod\u00edzio Lona Sider &#8211; Trilho de Ferro O Rod\u00edzio de lona para trilho de ferro foi desenvolvido em pl\u00e1stico e nylon super resistentes e a ferramenta \u00e9 indicada para ser utilizada em trilhos de alum\u00ednio. Com ela, \u00e9 poss\u00edvel realizar a fixa\u00e7\u00e3o da lona tranquilamente e ainda garantir a seguran\u00e7a das suas cargas. Desde 1971 &hellip; Continue reading Rod\u00edzio Lona Sider &#8211; Trilho de Ferro\" \/>\n<meta property=\"og:url\" content=\"https:\/\/engrebras.com.br\/?product=rodizio-lona-sider-trilho-de-ferro\" \/>\n<meta property=\"og:site_name\" content=\"Engrebras - Loja Virtual\" \/>\n<meta property=\"article:modified_time\" content=\"2026-02-09T19:28:49+00:00\" \/>\n<meta property=\"og:image\" content=\"https:\/\/engrebras.com.br\/wp-content\/uploads\/2026\/02\/Rodizio-Lona-Sider.png\" \/>\n\t<meta property=\"og:image:width\" content=\"1280\" \/>\n\t<meta property=\"og:image:height\" content=\"1280\" \/>\n\t<meta property=\"og:image:type\" content=\"image\/png\" \/>\n<meta name=\"twitter:card\" content=\"summary_large_image\" \/>\n<meta name=\"twitter:label1\" content=\"Est. tempo de leitura\" \/>\n\t<meta name=\"twitter:data1\" content=\"1 minuto\" \/>\n<script type=\"application\/ld+json\" class=\"yoast-schema-graph\">{\"@context\":\"https:\\\/\\\/schema.org\",\"@graph\":[{\"@type\":\"WebPage\",\"@id\":\"https:\\\/\\\/engrebras.com.br\\\/?product=rodizio-lona-sider-trilho-de-ferro\",\"url\":\"https:\\\/\\\/engrebras.com.br\\\/?product=rodizio-lona-sider-trilho-de-ferro\",\"name\":\"Rod\u00edzio Lona Sider - Trilho de Ferro - Engrebras - Loja Virtual\",\"isPartOf\":{\"@id\":\"https:\\\/\\\/engrebras.com.br\\\/#website\"},\"primaryImageOfPage\":{\"@id\":\"https:\\\/\\\/engrebras.com.br\\\/?product=rodizio-lona-sider-trilho-de-ferro#primaryimage\"},\"image\":{\"@id\":\"https:\\\/\\\/engrebras.com.br\\\/?product=rodizio-lona-sider-trilho-de-ferro#primaryimage\"},\"thumbnailUrl\":\"https:\\\/\\\/engrebras.com.br\\\/wp-content\\\/uploads\\\/2026\\\/02\\\/Rodizio-Lona-Sider.png\",\"datePublished\":\"2026-02-07T20:44:13+00:00\",\"dateModified\":\"2026-02-09T19:28:49+00:00\",\"breadcrumb\":{\"@id\":\"https:\\\/\\\/engrebras.com.br\\\/?product=rodizio-lona-sider-trilho-de-ferro#breadcrumb\"},\"inLanguage\":\"pt-BR\",\"potentialAction\":[{\"@type\":\"ReadAction\",\"target\":[\"https:\\\/\\\/engrebras.com.br\\\/?product=rodizio-lona-sider-trilho-de-ferro\"]}]},{\"@type\":\"ImageObject\",\"inLanguage\":\"pt-BR\",\"@id\":\"https:\\\/\\\/engrebras.com.br\\\/?product=rodizio-lona-sider-trilho-de-ferro#primaryimage\",\"url\":\"https:\\\/\\\/engrebras.com.br\\\/wp-content\\\/uploads\\\/2026\\\/02\\\/Rodizio-Lona-Sider.png\",\"contentUrl\":\"https:\\\/\\\/engrebras.com.br\\\/wp-content\\\/uploads\\\/2026\\\/02\\\/Rodizio-Lona-Sider.png\",\"width\":1280,\"height\":1280},{\"@type\":\"BreadcrumbList\",\"@id\":\"https:\\\/\\\/engrebras.com.br\\\/?product=rodizio-lona-sider-trilho-de-ferro#breadcrumb\",\"itemListElement\":[{\"@type\":\"ListItem\",\"position\":1,\"name\":\"In\u00edcio\",\"item\":\"https:\\\/\\\/engrebras.com.br\\\/\"},{\"@type\":\"ListItem\",\"position\":2,\"name\":\"Shop\",\"item\":\"https:\\\/\\\/engrebras.com.br\\\/?page_id=2238\"},{\"@type\":\"ListItem\",\"position\":3,\"name\":\"Rod\u00edzio Lona Sider &#8211; Trilho de Ferro\"}]},{\"@type\":\"WebSite\",\"@id\":\"https:\\\/\\\/engrebras.com.br\\\/#website\",\"url\":\"https:\\\/\\\/engrebras.com.br\\\/\",\"name\":\"Engrebras - Loja Virtual\",\"description\":\"\",\"potentialAction\":[{\"@type\":\"SearchAction\",\"target\":{\"@type\":\"EntryPoint\",\"urlTemplate\":\"https:\\\/\\\/engrebras.com.br\\\/?s={search_term_string}\"},\"query-input\":{\"@type\":\"PropertyValueSpecification\",\"valueRequired\":true,\"valueName\":\"search_term_string\"}}],\"inLanguage\":\"pt-BR\"}]}<\/script>\n<!-- \/ Yoast SEO plugin. -->","yoast_head_json":{"title":"Rod\u00edzio Lona Sider - Trilho de Ferro - Engrebras - Loja Virtual","robots":{"index":"index","follow":"follow","max-snippet":"max-snippet:-1","max-image-preview":"max-image-preview:large","max-video-preview":"max-video-preview:-1"},"canonical":"https:\/\/engrebras.com.br\/?product=rodizio-lona-sider-trilho-de-ferro","og_locale":"pt_BR","og_type":"article","og_title":"Rod\u00edzio Lona Sider - Trilho de Ferro - Engrebras - Loja Virtual","og_description":"Rod\u00edzio Lona Sider &#8211; Trilho de Ferro O Rod\u00edzio de lona para trilho de ferro foi desenvolvido em pl\u00e1stico e nylon super resistentes e a ferramenta \u00e9 indicada para ser utilizada em trilhos de alum\u00ednio. Com ela, \u00e9 poss\u00edvel realizar a fixa\u00e7\u00e3o da lona tranquilamente e ainda garantir a seguran\u00e7a das suas cargas. Desde 1971 &hellip; Continue reading Rod\u00edzio Lona Sider &#8211; Trilho de Ferro","og_url":"https:\/\/engrebras.com.br\/?product=rodizio-lona-sider-trilho-de-ferro","og_site_name":"Engrebras - Loja Virtual","article_modified_time":"2026-02-09T19:28:49+00:00","og_image":[{"width":1280,"height":1280,"url":"https:\/\/engrebras.com.br\/wp-content\/uploads\/2026\/02\/Rodizio-Lona-Sider.png","type":"image\/png"}],"twitter_card":"summary_large_image","twitter_misc":{"Est. tempo de leitura":"1 minuto"},"schema":{"@context":"https:\/\/schema.org","@graph":[{"@type":"WebPage","@id":"https:\/\/engrebras.com.br\/?product=rodizio-lona-sider-trilho-de-ferro","url":"https:\/\/engrebras.com.br\/?product=rodizio-lona-sider-trilho-de-ferro","name":"Rod\u00edzio Lona Sider - Trilho de Ferro - Engrebras - Loja Virtual","isPartOf":{"@id":"https:\/\/engrebras.com.br\/#website"},"primaryImageOfPage":{"@id":"https:\/\/engrebras.com.br\/?product=rodizio-lona-sider-trilho-de-ferro#primaryimage"},"image":{"@id":"https:\/\/engrebras.com.br\/?product=rodizio-lona-sider-trilho-de-ferro#primaryimage"},"thumbnailUrl":"https:\/\/engrebras.com.br\/wp-content\/uploads\/2026\/02\/Rodizio-Lona-Sider.png","datePublished":"2026-02-07T20:44:13+00:00","dateModified":"2026-02-09T19:28:49+00:00","breadcrumb":{"@id":"https:\/\/engrebras.com.br\/?product=rodizio-lona-sider-trilho-de-ferro#breadcrumb"},"inLanguage":"pt-BR","potentialAction":[{"@type":"ReadAction","target":["https:\/\/engrebras.com.br\/?product=rodizio-lona-sider-trilho-de-ferro"]}]},{"@type":"ImageObject","inLanguage":"pt-BR","@id":"https:\/\/engrebras.com.br\/?product=rodizio-lona-sider-trilho-de-ferro#primaryimage","url":"https:\/\/engrebras.com.br\/wp-content\/uploads\/2026\/02\/Rodizio-Lona-Sider.png","contentUrl":"https:\/\/engrebras.com.br\/wp-content\/uploads\/2026\/02\/Rodizio-Lona-Sider.png","width":1280,"height":1280},{"@type":"BreadcrumbList","@id":"https:\/\/engrebras.com.br\/?product=rodizio-lona-sider-trilho-de-ferro#breadcrumb","itemListElement":[{"@type":"ListItem","position":1,"name":"In\u00edcio","item":"https:\/\/engrebras.com.br\/"},{"@type":"ListItem","position":2,"name":"Shop","item":"https:\/\/engrebras.com.br\/?page_id=2238"},{"@type":"ListItem","position":3,"name":"Rod\u00edzio Lona Sider &#8211; Trilho de Ferro"}]},{"@type":"WebSite","@id":"https:\/\/engrebras.com.br\/#website","url":"https:\/\/engrebras.com.br\/","name":"Engrebras - Loja Virtual","description":"","potentialAction":[{"@type":"SearchAction","target":{"@type":"EntryPoint","urlTemplate":"https:\/\/engrebras.com.br\/?s={search_term_string}"},"query-input":{"@type":"PropertyValueSpecification","valueRequired":true,"valueName":"search_term_string"}}],"inLanguage":"pt-BR"}]}},"_links":{"self":[{"href":"https:\/\/engrebras.com.br\/index.php?rest_route=\/wp\/v2\/product\/2960","targetHints":{"allow":["GET"]}}],"collection":[{"href":"https:\/\/engrebras.com.br\/index.php?rest_route=\/wp\/v2\/product"}],"about":[{"href":"https:\/\/engrebras.com.br\/index.php?rest_route=\/wp\/v2\/types\/product"}],"replies":[{"embeddable":true,"href":"https:\/\/engrebras.com.br\/index.php?rest_route=%2Fwp%2Fv2%2Fcomments&post=2960"}],"wp:featuredmedia":[{"embeddable":true,"href":"https:\/\/engrebras.com.br\/index.php?rest_route=\/wp\/v2\/media\/2964"}],"wp:attachment":[{"href":"https:\/\/engrebras.com.br\/index.php?rest_route=%2Fwp%2Fv2%2Fmedia&parent=2960"}],"wp:term":[{"taxonomy":"product_brand","embeddable":true,"href":"https:\/\/engrebras.com.br\/index.php?rest_route=%2Fwp%2Fv2%2Fproduct_brand&post=2960"},{"taxonomy":"product_cat","embeddable":true,"href":"https:\/\/engrebras.com.br\/index.php?rest_route=%2Fwp%2Fv2%2Fproduct_cat&post=2960"},{"taxonomy":"product_tag","embeddable":true,"href":"https:\/\/engrebras.com.br\/index.php?rest_route=%2Fwp%2Fv2%2Fproduct_tag&post=2960"}],"curies":[{"name":"wp","href":"https:\/\/api.w.org\/{rel}","templated":true}]}}