{"id":2935,"date":"2026-02-03T16:37:40","date_gmt":"2026-02-03T19:37:40","guid":{"rendered":"https:\/\/engrebras.com.br\/?post_type=product&#038;p=2935"},"modified":"2026-02-03T16:47:48","modified_gmt":"2026-02-03T19:47:48","slug":"cinta-de-amarracao-10-toneladas-9mts-gancho-j","status":"publish","type":"product","link":"https:\/\/engrebras.com.br\/?product=cinta-de-amarracao-10-toneladas-9mts-gancho-j","title":{"rendered":"Cinta de Amarra\u00e7\u00e3o 10 Toneladas 9mts &#8211; Gancho &#8220;J&#8221;"},"content":{"rendered":"<p>Cinta\u00a0de Amarra\u00e7\u00e3o Gancho &#8220;J&#8221;.<\/p>\n<p>&#8211; Capacidade: 10000KG<\/p>\n<p>&#8211; Tamanho: 9M<\/p>\n<p>&#8211; Largura: 100mm<\/p>\n<p>&#8211; Gancho: J<\/p>\n<p>&#8211; Fator de Seguran\u00e7a: 2:1<\/p>\n<p>&#8211; Temperatura de Utiliza\u00e7\u00e3o: -40\u00b0C e + 100\u00b0C<\/p>\n<p>Amarra\u00e7\u00e3o de Cargas em Geral em Caminh\u00f5es, Containers, Ve\u00edculos, Tendas e Palcos de Eventos.<\/p>\n<p>Utilizadas para amarra\u00e7\u00e3o e estabilidade de cargas, as cintas garantem\u00a0firmeza e fixa\u00e7\u00e3o\u00a0no transporte das mais variadas cargas. Produzidos em material\u00a0100% poli\u00e9ster, todas as cintas seguem as adequa\u00e7\u00f5es conforme prev\u00ea a\u00a0<em>Norma NBR 15883-2<\/em>\u00a0acerca das especifica\u00e7\u00f5es das cintas de amarra\u00e7\u00e3o.<\/p>\n<p class=\"p1\">Desde 1971 atendendo grandes marcas, que prezam por qualidade e agilidade.<\/p>\n<p class=\"p1\">Somos, hoje l\u00edderes na fabrica\u00e7\u00e3o de implementos rodovi\u00e1rios, catraca fixa e engrenagens. Atendemos as maiores empresas, nacionais e internacionais do segmento com seriedade e profissionalismo. Investimos constantemente em inova\u00e7\u00e3o, tecnologia e seguran\u00e7a para que nossos clientes estejam sempre \u00e0 frente.<\/p>\n","protected":false},"excerpt":{"rendered":"<p>Cinta\u00a0de Amarra\u00e7\u00e3o Gancho &#8220;J&#8221;. &#8211; Capacidade: 10000KG &#8211; Tamanho: 9M &#8211; Largura: 100mm &#8211; Gancho: J &#8211; Fator de Seguran\u00e7a: 2:1 &#8211; Temperatura de Utiliza\u00e7\u00e3o: -40\u00b0C e + 100\u00b0C Amarra\u00e7\u00e3o de Cargas em Geral em Caminh\u00f5es, Containers, Ve\u00edculos, Tendas e Palcos de Eventos. Utilizadas para amarra\u00e7\u00e3o e estabilidade de cargas, as cintas garantem\u00a0firmeza e fixa\u00e7\u00e3o\u00a0no &hellip; <a href=\"https:\/\/engrebras.com.br\/?product=cinta-de-amarracao-10-toneladas-9mts-gancho-j\" class=\"more-link\">Continue reading <span class=\"screen-reader-text\">Cinta de Amarra\u00e7\u00e3o 10 Toneladas 9mts &#8211; Gancho &#8220;J&#8221;<\/span><\/a><\/p>\n","protected":false},"featured_media":2937,"comment_status":"open","ping_status":"closed","template":"","meta":[],"product_brand":[],"product_cat":[43],"product_tag":[],"class_list":{"0":"post-2935","1":"product","2":"type-product","3":"status-publish","4":"has-post-thumbnail","6":"product_cat-cintas","8":"first","9":"instock","10":"shipping-taxable","11":"product-type-simple"},"yoast_head":"<!-- This site is optimized with the Yoast SEO plugin v27.4 - https:\/\/yoast.com\/product\/yoast-seo-wordpress\/ -->\n<title>Cinta de Amarra\u00e7\u00e3o 10 Toneladas 9mts - Gancho &quot;J&quot; - Engrebras - Loja Virtual<\/title>\n<meta name=\"robots\" content=\"index, follow, max-snippet:-1, max-image-preview:large, max-video-preview:-1\" \/>\n<link rel=\"canonical\" href=\"https:\/\/engrebras.com.br\/?product=cinta-de-amarracao-10-toneladas-9mts-gancho-j\" \/>\n<meta property=\"og:locale\" content=\"pt_BR\" \/>\n<meta property=\"og:type\" content=\"article\" \/>\n<meta property=\"og:title\" content=\"Cinta de Amarra\u00e7\u00e3o 10 Toneladas 9mts - Gancho &quot;J&quot; - Engrebras - Loja Virtual\" \/>\n<meta property=\"og:description\" content=\"Cinta\u00a0de Amarra\u00e7\u00e3o Gancho &#8220;J&#8221;. &#8211; Capacidade: 10000KG &#8211; Tamanho: 9M &#8211; Largura: 100mm &#8211; Gancho: J &#8211; Fator de Seguran\u00e7a: 2:1 &#8211; Temperatura de Utiliza\u00e7\u00e3o: -40\u00b0C e + 100\u00b0C Amarra\u00e7\u00e3o de Cargas em Geral em Caminh\u00f5es, Containers, Ve\u00edculos, Tendas e Palcos de Eventos. Utilizadas para amarra\u00e7\u00e3o e estabilidade de cargas, as cintas garantem\u00a0firmeza e fixa\u00e7\u00e3o\u00a0no &hellip; Continue reading Cinta de Amarra\u00e7\u00e3o 10 Toneladas 9mts &#8211; Gancho &#8220;J&#8221;\" \/>\n<meta property=\"og:url\" content=\"https:\/\/engrebras.com.br\/?product=cinta-de-amarracao-10-toneladas-9mts-gancho-j\" \/>\n<meta property=\"og:site_name\" content=\"Engrebras - Loja Virtual\" \/>\n<meta property=\"article:modified_time\" content=\"2026-02-03T19:47:48+00:00\" \/>\n<meta property=\"og:image\" content=\"https:\/\/engrebras.com.br\/wp-content\/uploads\/2026\/02\/Cinta-9m-10T-J_02.png\" \/>\n\t<meta property=\"og:image:width\" content=\"1280\" \/>\n\t<meta property=\"og:image:height\" content=\"1280\" \/>\n\t<meta property=\"og:image:type\" content=\"image\/png\" \/>\n<meta name=\"twitter:card\" content=\"summary_large_image\" \/>\n<meta name=\"twitter:label1\" content=\"Est. tempo de leitura\" \/>\n\t<meta name=\"twitter:data1\" content=\"1 minuto\" \/>\n<script type=\"application\/ld+json\" class=\"yoast-schema-graph\">{\"@context\":\"https:\\\/\\\/schema.org\",\"@graph\":[{\"@type\":\"WebPage\",\"@id\":\"https:\\\/\\\/engrebras.com.br\\\/?product=cinta-de-amarracao-10-toneladas-9mts-gancho-j\",\"url\":\"https:\\\/\\\/engrebras.com.br\\\/?product=cinta-de-amarracao-10-toneladas-9mts-gancho-j\",\"name\":\"Cinta de Amarra\u00e7\u00e3o 10 Toneladas 9mts - Gancho \\\"J\\\" - Engrebras - Loja Virtual\",\"isPartOf\":{\"@id\":\"https:\\\/\\\/engrebras.com.br\\\/#website\"},\"primaryImageOfPage\":{\"@id\":\"https:\\\/\\\/engrebras.com.br\\\/?product=cinta-de-amarracao-10-toneladas-9mts-gancho-j#primaryimage\"},\"image\":{\"@id\":\"https:\\\/\\\/engrebras.com.br\\\/?product=cinta-de-amarracao-10-toneladas-9mts-gancho-j#primaryimage\"},\"thumbnailUrl\":\"https:\\\/\\\/engrebras.com.br\\\/wp-content\\\/uploads\\\/2026\\\/02\\\/Cinta-9m-10T-J_02.png\",\"datePublished\":\"2026-02-03T19:37:40+00:00\",\"dateModified\":\"2026-02-03T19:47:48+00:00\",\"breadcrumb\":{\"@id\":\"https:\\\/\\\/engrebras.com.br\\\/?product=cinta-de-amarracao-10-toneladas-9mts-gancho-j#breadcrumb\"},\"inLanguage\":\"pt-BR\",\"potentialAction\":[{\"@type\":\"ReadAction\",\"target\":[\"https:\\\/\\\/engrebras.com.br\\\/?product=cinta-de-amarracao-10-toneladas-9mts-gancho-j\"]}]},{\"@type\":\"ImageObject\",\"inLanguage\":\"pt-BR\",\"@id\":\"https:\\\/\\\/engrebras.com.br\\\/?product=cinta-de-amarracao-10-toneladas-9mts-gancho-j#primaryimage\",\"url\":\"https:\\\/\\\/engrebras.com.br\\\/wp-content\\\/uploads\\\/2026\\\/02\\\/Cinta-9m-10T-J_02.png\",\"contentUrl\":\"https:\\\/\\\/engrebras.com.br\\\/wp-content\\\/uploads\\\/2026\\\/02\\\/Cinta-9m-10T-J_02.png\",\"width\":1280,\"height\":1280},{\"@type\":\"BreadcrumbList\",\"@id\":\"https:\\\/\\\/engrebras.com.br\\\/?product=cinta-de-amarracao-10-toneladas-9mts-gancho-j#breadcrumb\",\"itemListElement\":[{\"@type\":\"ListItem\",\"position\":1,\"name\":\"In\u00edcio\",\"item\":\"https:\\\/\\\/engrebras.com.br\\\/\"},{\"@type\":\"ListItem\",\"position\":2,\"name\":\"Shop\",\"item\":\"https:\\\/\\\/engrebras.com.br\\\/?page_id=2238\"},{\"@type\":\"ListItem\",\"position\":3,\"name\":\"Cinta de Amarra\u00e7\u00e3o 10 Toneladas 9mts &#8211; Gancho &#8220;J&#8221;\"}]},{\"@type\":\"WebSite\",\"@id\":\"https:\\\/\\\/engrebras.com.br\\\/#website\",\"url\":\"https:\\\/\\\/engrebras.com.br\\\/\",\"name\":\"Engrebras - Loja Virtual\",\"description\":\"\",\"potentialAction\":[{\"@type\":\"SearchAction\",\"target\":{\"@type\":\"EntryPoint\",\"urlTemplate\":\"https:\\\/\\\/engrebras.com.br\\\/?s={search_term_string}\"},\"query-input\":{\"@type\":\"PropertyValueSpecification\",\"valueRequired\":true,\"valueName\":\"search_term_string\"}}],\"inLanguage\":\"pt-BR\"}]}<\/script>\n<!-- \/ Yoast SEO plugin. -->","yoast_head_json":{"title":"Cinta de Amarra\u00e7\u00e3o 10 Toneladas 9mts - Gancho \"J\" - Engrebras - Loja Virtual","robots":{"index":"index","follow":"follow","max-snippet":"max-snippet:-1","max-image-preview":"max-image-preview:large","max-video-preview":"max-video-preview:-1"},"canonical":"https:\/\/engrebras.com.br\/?product=cinta-de-amarracao-10-toneladas-9mts-gancho-j","og_locale":"pt_BR","og_type":"article","og_title":"Cinta de Amarra\u00e7\u00e3o 10 Toneladas 9mts - Gancho \"J\" - Engrebras - Loja Virtual","og_description":"Cinta\u00a0de Amarra\u00e7\u00e3o Gancho &#8220;J&#8221;. &#8211; Capacidade: 10000KG &#8211; Tamanho: 9M &#8211; Largura: 100mm &#8211; Gancho: J &#8211; Fator de Seguran\u00e7a: 2:1 &#8211; Temperatura de Utiliza\u00e7\u00e3o: -40\u00b0C e + 100\u00b0C Amarra\u00e7\u00e3o de Cargas em Geral em Caminh\u00f5es, Containers, Ve\u00edculos, Tendas e Palcos de Eventos. Utilizadas para amarra\u00e7\u00e3o e estabilidade de cargas, as cintas garantem\u00a0firmeza e fixa\u00e7\u00e3o\u00a0no &hellip; Continue reading Cinta de Amarra\u00e7\u00e3o 10 Toneladas 9mts &#8211; Gancho &#8220;J&#8221;","og_url":"https:\/\/engrebras.com.br\/?product=cinta-de-amarracao-10-toneladas-9mts-gancho-j","og_site_name":"Engrebras - Loja Virtual","article_modified_time":"2026-02-03T19:47:48+00:00","og_image":[{"width":1280,"height":1280,"url":"https:\/\/engrebras.com.br\/wp-content\/uploads\/2026\/02\/Cinta-9m-10T-J_02.png","type":"image\/png"}],"twitter_card":"summary_large_image","twitter_misc":{"Est. tempo de leitura":"1 minuto"},"schema":{"@context":"https:\/\/schema.org","@graph":[{"@type":"WebPage","@id":"https:\/\/engrebras.com.br\/?product=cinta-de-amarracao-10-toneladas-9mts-gancho-j","url":"https:\/\/engrebras.com.br\/?product=cinta-de-amarracao-10-toneladas-9mts-gancho-j","name":"Cinta de Amarra\u00e7\u00e3o 10 Toneladas 9mts - Gancho \"J\" - Engrebras - Loja Virtual","isPartOf":{"@id":"https:\/\/engrebras.com.br\/#website"},"primaryImageOfPage":{"@id":"https:\/\/engrebras.com.br\/?product=cinta-de-amarracao-10-toneladas-9mts-gancho-j#primaryimage"},"image":{"@id":"https:\/\/engrebras.com.br\/?product=cinta-de-amarracao-10-toneladas-9mts-gancho-j#primaryimage"},"thumbnailUrl":"https:\/\/engrebras.com.br\/wp-content\/uploads\/2026\/02\/Cinta-9m-10T-J_02.png","datePublished":"2026-02-03T19:37:40+00:00","dateModified":"2026-02-03T19:47:48+00:00","breadcrumb":{"@id":"https:\/\/engrebras.com.br\/?product=cinta-de-amarracao-10-toneladas-9mts-gancho-j#breadcrumb"},"inLanguage":"pt-BR","potentialAction":[{"@type":"ReadAction","target":["https:\/\/engrebras.com.br\/?product=cinta-de-amarracao-10-toneladas-9mts-gancho-j"]}]},{"@type":"ImageObject","inLanguage":"pt-BR","@id":"https:\/\/engrebras.com.br\/?product=cinta-de-amarracao-10-toneladas-9mts-gancho-j#primaryimage","url":"https:\/\/engrebras.com.br\/wp-content\/uploads\/2026\/02\/Cinta-9m-10T-J_02.png","contentUrl":"https:\/\/engrebras.com.br\/wp-content\/uploads\/2026\/02\/Cinta-9m-10T-J_02.png","width":1280,"height":1280},{"@type":"BreadcrumbList","@id":"https:\/\/engrebras.com.br\/?product=cinta-de-amarracao-10-toneladas-9mts-gancho-j#breadcrumb","itemListElement":[{"@type":"ListItem","position":1,"name":"In\u00edcio","item":"https:\/\/engrebras.com.br\/"},{"@type":"ListItem","position":2,"name":"Shop","item":"https:\/\/engrebras.com.br\/?page_id=2238"},{"@type":"ListItem","position":3,"name":"Cinta de Amarra\u00e7\u00e3o 10 Toneladas 9mts &#8211; Gancho &#8220;J&#8221;"}]},{"@type":"WebSite","@id":"https:\/\/engrebras.com.br\/#website","url":"https:\/\/engrebras.com.br\/","name":"Engrebras - Loja Virtual","description":"","potentialAction":[{"@type":"SearchAction","target":{"@type":"EntryPoint","urlTemplate":"https:\/\/engrebras.com.br\/?s={search_term_string}"},"query-input":{"@type":"PropertyValueSpecification","valueRequired":true,"valueName":"search_term_string"}}],"inLanguage":"pt-BR"}]}},"_links":{"self":[{"href":"https:\/\/engrebras.com.br\/index.php?rest_route=\/wp\/v2\/product\/2935","targetHints":{"allow":["GET"]}}],"collection":[{"href":"https:\/\/engrebras.com.br\/index.php?rest_route=\/wp\/v2\/product"}],"about":[{"href":"https:\/\/engrebras.com.br\/index.php?rest_route=\/wp\/v2\/types\/product"}],"replies":[{"embeddable":true,"href":"https:\/\/engrebras.com.br\/index.php?rest_route=%2Fwp%2Fv2%2Fcomments&post=2935"}],"wp:featuredmedia":[{"embeddable":true,"href":"https:\/\/engrebras.com.br\/index.php?rest_route=\/wp\/v2\/media\/2937"}],"wp:attachment":[{"href":"https:\/\/engrebras.com.br\/index.php?rest_route=%2Fwp%2Fv2%2Fmedia&parent=2935"}],"wp:term":[{"taxonomy":"product_brand","embeddable":true,"href":"https:\/\/engrebras.com.br\/index.php?rest_route=%2Fwp%2Fv2%2Fproduct_brand&post=2935"},{"taxonomy":"product_cat","embeddable":true,"href":"https:\/\/engrebras.com.br\/index.php?rest_route=%2Fwp%2Fv2%2Fproduct_cat&post=2935"},{"taxonomy":"product_tag","embeddable":true,"href":"https:\/\/engrebras.com.br\/index.php?rest_route=%2Fwp%2Fv2%2Fproduct_tag&post=2935"}],"curies":[{"name":"wp","href":"https:\/\/api.w.org\/{rel}","templated":true}]}}