{"id":2856,"date":"2026-02-03T14:44:35","date_gmt":"2026-02-03T17:44:35","guid":{"rendered":"https:\/\/engrebras.com.br\/?post_type=product&#038;p=2856"},"modified":"2026-02-03T15:50:59","modified_gmt":"2026-02-03T18:50:59","slug":"conjunto-cinta-e-catraca-15-toneladas-9m-gancho-j","status":"publish","type":"product","link":"https:\/\/engrebras.com.br\/?product=conjunto-cinta-e-catraca-15-toneladas-9m-gancho-j","title":{"rendered":"Kit Cinta De Amarra\u00e7\u00e3o e Catraca \u2013 1,5 Toneladas 9M \u2013 Gancho &#8220;J&#8221;"},"content":{"rendered":"<p>Kit Cinta e Catraca &#8211; 1500KGkg 9M J.<\/p>\n<p>Capacidade: 1500KG<\/p>\n<p>Tamanho: 9M<\/p>\n<p>Largura: 50mm<\/p>\n<p>Gancho: J<\/p>\n<p>Fator de Seguran\u00e7a: 2:1<\/p>\n<p>Temperatura de Utiliza\u00e7\u00e3o: -40\u00b0C e + 100\u00b0C<\/p>\n<p>Elasticidade da Cinta: 7%<\/p>\n<p>Utilizados na\u00a0seguran\u00e7a contra quedas e deslizes, os conjuntos de cinta e catraca para amarra\u00e7\u00e3o garantem\u00a0mobilidade e firmeza\u00a0no transporte das mais variadas cargas. Produzidos em material\u00a0100% poli\u00e9ster, todos os conjuntos seguem as adequa\u00e7\u00f5es conforme prev\u00ea a\u00a0<em>Norma NBR 15883-2<\/em>\u00a0acerca das especifica\u00e7\u00f5es das cintas de amarra\u00e7\u00e3o.<\/p>\n<p class=\"p1\">Desde 1971 atendendo grandes marcas, que prezam por qualidade e agilidade.<\/p>\n<p class=\"p1\">Somos, hoje l\u00edderes na fabrica\u00e7\u00e3o de implementos rodovi\u00e1rios, catraca fixa e engrenagens. Atendemos as maiores empresas, nacionais e internacionais do segmento com seriedade e profissionalismo. Investimos constantemente em inova\u00e7\u00e3o, tecnologia e seguran\u00e7a para que nossos clientes estejam sempre \u00e0 frente.<\/p>\n","protected":false},"excerpt":{"rendered":"<p>Kit Cinta e Catraca &#8211; 1500KGkg 9M J. Capacidade: 1500KG Tamanho: 9M Largura: 50mm Gancho: J Fator de Seguran\u00e7a: 2:1 Temperatura de Utiliza\u00e7\u00e3o: -40\u00b0C e + 100\u00b0C Elasticidade da Cinta: 7% Utilizados na\u00a0seguran\u00e7a contra quedas e deslizes, os conjuntos de cinta e catraca para amarra\u00e7\u00e3o garantem\u00a0mobilidade e firmeza\u00a0no transporte das mais variadas cargas. Produzidos em &hellip; <a href=\"https:\/\/engrebras.com.br\/?product=conjunto-cinta-e-catraca-15-toneladas-9m-gancho-j\" class=\"more-link\">Continue reading <span class=\"screen-reader-text\">Kit Cinta De Amarra\u00e7\u00e3o e Catraca \u2013 1,5 Toneladas 9M \u2013 Gancho &#8220;J&#8221;<\/span><\/a><\/p>\n","protected":false},"featured_media":2858,"comment_status":"open","ping_status":"closed","template":"","meta":[],"product_brand":[],"product_cat":[43,15],"product_tag":[],"class_list":{"0":"post-2856","1":"product","2":"type-product","3":"status-publish","4":"has-post-thumbnail","6":"product_cat-cintas","7":"product_cat-kits","9":"first","10":"instock","11":"shipping-taxable","12":"product-type-simple"},"yoast_head":"<!-- This site is optimized with the Yoast SEO plugin v27.4 - https:\/\/yoast.com\/product\/yoast-seo-wordpress\/ -->\n<title>Kit Cinta De Amarra\u00e7\u00e3o e Catraca \u2013 1,5 Toneladas 9M \u2013 Gancho &quot;J&quot; - Engrebras - Loja Virtual<\/title>\n<meta name=\"robots\" content=\"index, follow, max-snippet:-1, max-image-preview:large, max-video-preview:-1\" \/>\n<link rel=\"canonical\" href=\"https:\/\/engrebras.com.br\/?product=conjunto-cinta-e-catraca-15-toneladas-9m-gancho-j\" \/>\n<meta property=\"og:locale\" content=\"pt_BR\" \/>\n<meta property=\"og:type\" content=\"article\" \/>\n<meta property=\"og:title\" content=\"Kit Cinta De Amarra\u00e7\u00e3o e Catraca \u2013 1,5 Toneladas 9M \u2013 Gancho &quot;J&quot; - Engrebras - Loja Virtual\" \/>\n<meta property=\"og:description\" content=\"Kit Cinta e Catraca &#8211; 1500KGkg 9M J. Capacidade: 1500KG Tamanho: 9M Largura: 50mm Gancho: J Fator de Seguran\u00e7a: 2:1 Temperatura de Utiliza\u00e7\u00e3o: -40\u00b0C e + 100\u00b0C Elasticidade da Cinta: 7% Utilizados na\u00a0seguran\u00e7a contra quedas e deslizes, os conjuntos de cinta e catraca para amarra\u00e7\u00e3o garantem\u00a0mobilidade e firmeza\u00a0no transporte das mais variadas cargas. Produzidos em &hellip; Continue reading Kit Cinta De Amarra\u00e7\u00e3o e Catraca \u2013 1,5 Toneladas 9M \u2013 Gancho &#8220;J&#8221;\" \/>\n<meta property=\"og:url\" content=\"https:\/\/engrebras.com.br\/?product=conjunto-cinta-e-catraca-15-toneladas-9m-gancho-j\" \/>\n<meta property=\"og:site_name\" content=\"Engrebras - Loja Virtual\" \/>\n<meta property=\"article:modified_time\" content=\"2026-02-03T18:50:59+00:00\" \/>\n<meta property=\"og:image\" content=\"https:\/\/engrebras.com.br\/wp-content\/uploads\/2026\/02\/Kit-Cinta-e-Catraca-15T-9m-J_01.png\" \/>\n\t<meta property=\"og:image:width\" content=\"1280\" \/>\n\t<meta property=\"og:image:height\" content=\"1280\" \/>\n\t<meta property=\"og:image:type\" content=\"image\/png\" \/>\n<meta name=\"twitter:card\" content=\"summary_large_image\" \/>\n<meta name=\"twitter:label1\" content=\"Est. tempo de leitura\" \/>\n\t<meta name=\"twitter:data1\" content=\"1 minuto\" \/>\n<script type=\"application\/ld+json\" class=\"yoast-schema-graph\">{\"@context\":\"https:\\\/\\\/schema.org\",\"@graph\":[{\"@type\":\"WebPage\",\"@id\":\"https:\\\/\\\/engrebras.com.br\\\/?product=conjunto-cinta-e-catraca-15-toneladas-9m-gancho-j\",\"url\":\"https:\\\/\\\/engrebras.com.br\\\/?product=conjunto-cinta-e-catraca-15-toneladas-9m-gancho-j\",\"name\":\"Kit Cinta De Amarra\u00e7\u00e3o e Catraca \u2013 1,5 Toneladas 9M \u2013 Gancho \\\"J\\\" - Engrebras - Loja Virtual\",\"isPartOf\":{\"@id\":\"https:\\\/\\\/engrebras.com.br\\\/#website\"},\"primaryImageOfPage\":{\"@id\":\"https:\\\/\\\/engrebras.com.br\\\/?product=conjunto-cinta-e-catraca-15-toneladas-9m-gancho-j#primaryimage\"},\"image\":{\"@id\":\"https:\\\/\\\/engrebras.com.br\\\/?product=conjunto-cinta-e-catraca-15-toneladas-9m-gancho-j#primaryimage\"},\"thumbnailUrl\":\"https:\\\/\\\/engrebras.com.br\\\/wp-content\\\/uploads\\\/2026\\\/02\\\/Kit-Cinta-e-Catraca-15T-9m-J_01.png\",\"datePublished\":\"2026-02-03T17:44:35+00:00\",\"dateModified\":\"2026-02-03T18:50:59+00:00\",\"breadcrumb\":{\"@id\":\"https:\\\/\\\/engrebras.com.br\\\/?product=conjunto-cinta-e-catraca-15-toneladas-9m-gancho-j#breadcrumb\"},\"inLanguage\":\"pt-BR\",\"potentialAction\":[{\"@type\":\"ReadAction\",\"target\":[\"https:\\\/\\\/engrebras.com.br\\\/?product=conjunto-cinta-e-catraca-15-toneladas-9m-gancho-j\"]}]},{\"@type\":\"ImageObject\",\"inLanguage\":\"pt-BR\",\"@id\":\"https:\\\/\\\/engrebras.com.br\\\/?product=conjunto-cinta-e-catraca-15-toneladas-9m-gancho-j#primaryimage\",\"url\":\"https:\\\/\\\/engrebras.com.br\\\/wp-content\\\/uploads\\\/2026\\\/02\\\/Kit-Cinta-e-Catraca-15T-9m-J_01.png\",\"contentUrl\":\"https:\\\/\\\/engrebras.com.br\\\/wp-content\\\/uploads\\\/2026\\\/02\\\/Kit-Cinta-e-Catraca-15T-9m-J_01.png\",\"width\":1280,\"height\":1280},{\"@type\":\"BreadcrumbList\",\"@id\":\"https:\\\/\\\/engrebras.com.br\\\/?product=conjunto-cinta-e-catraca-15-toneladas-9m-gancho-j#breadcrumb\",\"itemListElement\":[{\"@type\":\"ListItem\",\"position\":1,\"name\":\"In\u00edcio\",\"item\":\"https:\\\/\\\/engrebras.com.br\\\/\"},{\"@type\":\"ListItem\",\"position\":2,\"name\":\"Shop\",\"item\":\"https:\\\/\\\/engrebras.com.br\\\/?page_id=2238\"},{\"@type\":\"ListItem\",\"position\":3,\"name\":\"Kit Cinta De Amarra\u00e7\u00e3o e Catraca \u2013 1,5 Toneladas 9M \u2013 Gancho &#8220;J&#8221;\"}]},{\"@type\":\"WebSite\",\"@id\":\"https:\\\/\\\/engrebras.com.br\\\/#website\",\"url\":\"https:\\\/\\\/engrebras.com.br\\\/\",\"name\":\"Engrebras - Loja Virtual\",\"description\":\"\",\"potentialAction\":[{\"@type\":\"SearchAction\",\"target\":{\"@type\":\"EntryPoint\",\"urlTemplate\":\"https:\\\/\\\/engrebras.com.br\\\/?s={search_term_string}\"},\"query-input\":{\"@type\":\"PropertyValueSpecification\",\"valueRequired\":true,\"valueName\":\"search_term_string\"}}],\"inLanguage\":\"pt-BR\"}]}<\/script>\n<!-- \/ Yoast SEO plugin. -->","yoast_head_json":{"title":"Kit Cinta De Amarra\u00e7\u00e3o e Catraca \u2013 1,5 Toneladas 9M \u2013 Gancho \"J\" - Engrebras - Loja Virtual","robots":{"index":"index","follow":"follow","max-snippet":"max-snippet:-1","max-image-preview":"max-image-preview:large","max-video-preview":"max-video-preview:-1"},"canonical":"https:\/\/engrebras.com.br\/?product=conjunto-cinta-e-catraca-15-toneladas-9m-gancho-j","og_locale":"pt_BR","og_type":"article","og_title":"Kit Cinta De Amarra\u00e7\u00e3o e Catraca \u2013 1,5 Toneladas 9M \u2013 Gancho \"J\" - Engrebras - Loja Virtual","og_description":"Kit Cinta e Catraca &#8211; 1500KGkg 9M J. Capacidade: 1500KG Tamanho: 9M Largura: 50mm Gancho: J Fator de Seguran\u00e7a: 2:1 Temperatura de Utiliza\u00e7\u00e3o: -40\u00b0C e + 100\u00b0C Elasticidade da Cinta: 7% Utilizados na\u00a0seguran\u00e7a contra quedas e deslizes, os conjuntos de cinta e catraca para amarra\u00e7\u00e3o garantem\u00a0mobilidade e firmeza\u00a0no transporte das mais variadas cargas. Produzidos em &hellip; Continue reading Kit Cinta De Amarra\u00e7\u00e3o e Catraca \u2013 1,5 Toneladas 9M \u2013 Gancho &#8220;J&#8221;","og_url":"https:\/\/engrebras.com.br\/?product=conjunto-cinta-e-catraca-15-toneladas-9m-gancho-j","og_site_name":"Engrebras - Loja Virtual","article_modified_time":"2026-02-03T18:50:59+00:00","og_image":[{"width":1280,"height":1280,"url":"https:\/\/engrebras.com.br\/wp-content\/uploads\/2026\/02\/Kit-Cinta-e-Catraca-15T-9m-J_01.png","type":"image\/png"}],"twitter_card":"summary_large_image","twitter_misc":{"Est. tempo de leitura":"1 minuto"},"schema":{"@context":"https:\/\/schema.org","@graph":[{"@type":"WebPage","@id":"https:\/\/engrebras.com.br\/?product=conjunto-cinta-e-catraca-15-toneladas-9m-gancho-j","url":"https:\/\/engrebras.com.br\/?product=conjunto-cinta-e-catraca-15-toneladas-9m-gancho-j","name":"Kit Cinta De Amarra\u00e7\u00e3o e Catraca \u2013 1,5 Toneladas 9M \u2013 Gancho \"J\" - Engrebras - Loja Virtual","isPartOf":{"@id":"https:\/\/engrebras.com.br\/#website"},"primaryImageOfPage":{"@id":"https:\/\/engrebras.com.br\/?product=conjunto-cinta-e-catraca-15-toneladas-9m-gancho-j#primaryimage"},"image":{"@id":"https:\/\/engrebras.com.br\/?product=conjunto-cinta-e-catraca-15-toneladas-9m-gancho-j#primaryimage"},"thumbnailUrl":"https:\/\/engrebras.com.br\/wp-content\/uploads\/2026\/02\/Kit-Cinta-e-Catraca-15T-9m-J_01.png","datePublished":"2026-02-03T17:44:35+00:00","dateModified":"2026-02-03T18:50:59+00:00","breadcrumb":{"@id":"https:\/\/engrebras.com.br\/?product=conjunto-cinta-e-catraca-15-toneladas-9m-gancho-j#breadcrumb"},"inLanguage":"pt-BR","potentialAction":[{"@type":"ReadAction","target":["https:\/\/engrebras.com.br\/?product=conjunto-cinta-e-catraca-15-toneladas-9m-gancho-j"]}]},{"@type":"ImageObject","inLanguage":"pt-BR","@id":"https:\/\/engrebras.com.br\/?product=conjunto-cinta-e-catraca-15-toneladas-9m-gancho-j#primaryimage","url":"https:\/\/engrebras.com.br\/wp-content\/uploads\/2026\/02\/Kit-Cinta-e-Catraca-15T-9m-J_01.png","contentUrl":"https:\/\/engrebras.com.br\/wp-content\/uploads\/2026\/02\/Kit-Cinta-e-Catraca-15T-9m-J_01.png","width":1280,"height":1280},{"@type":"BreadcrumbList","@id":"https:\/\/engrebras.com.br\/?product=conjunto-cinta-e-catraca-15-toneladas-9m-gancho-j#breadcrumb","itemListElement":[{"@type":"ListItem","position":1,"name":"In\u00edcio","item":"https:\/\/engrebras.com.br\/"},{"@type":"ListItem","position":2,"name":"Shop","item":"https:\/\/engrebras.com.br\/?page_id=2238"},{"@type":"ListItem","position":3,"name":"Kit Cinta De Amarra\u00e7\u00e3o e Catraca \u2013 1,5 Toneladas 9M \u2013 Gancho &#8220;J&#8221;"}]},{"@type":"WebSite","@id":"https:\/\/engrebras.com.br\/#website","url":"https:\/\/engrebras.com.br\/","name":"Engrebras - Loja Virtual","description":"","potentialAction":[{"@type":"SearchAction","target":{"@type":"EntryPoint","urlTemplate":"https:\/\/engrebras.com.br\/?s={search_term_string}"},"query-input":{"@type":"PropertyValueSpecification","valueRequired":true,"valueName":"search_term_string"}}],"inLanguage":"pt-BR"}]}},"_links":{"self":[{"href":"https:\/\/engrebras.com.br\/index.php?rest_route=\/wp\/v2\/product\/2856","targetHints":{"allow":["GET"]}}],"collection":[{"href":"https:\/\/engrebras.com.br\/index.php?rest_route=\/wp\/v2\/product"}],"about":[{"href":"https:\/\/engrebras.com.br\/index.php?rest_route=\/wp\/v2\/types\/product"}],"replies":[{"embeddable":true,"href":"https:\/\/engrebras.com.br\/index.php?rest_route=%2Fwp%2Fv2%2Fcomments&post=2856"}],"wp:featuredmedia":[{"embeddable":true,"href":"https:\/\/engrebras.com.br\/index.php?rest_route=\/wp\/v2\/media\/2858"}],"wp:attachment":[{"href":"https:\/\/engrebras.com.br\/index.php?rest_route=%2Fwp%2Fv2%2Fmedia&parent=2856"}],"wp:term":[{"taxonomy":"product_brand","embeddable":true,"href":"https:\/\/engrebras.com.br\/index.php?rest_route=%2Fwp%2Fv2%2Fproduct_brand&post=2856"},{"taxonomy":"product_cat","embeddable":true,"href":"https:\/\/engrebras.com.br\/index.php?rest_route=%2Fwp%2Fv2%2Fproduct_cat&post=2856"},{"taxonomy":"product_tag","embeddable":true,"href":"https:\/\/engrebras.com.br\/index.php?rest_route=%2Fwp%2Fv2%2Fproduct_tag&post=2856"}],"curies":[{"name":"wp","href":"https:\/\/api.w.org\/{rel}","templated":true}]}}