{"id":2797,"date":"2026-02-02T16:29:35","date_gmt":"2026-02-02T19:29:35","guid":{"rendered":"https:\/\/engrebras.com.br\/?post_type=product&#038;p=2797"},"modified":"2026-02-02T16:30:38","modified_gmt":"2026-02-02T19:30:38","slug":"catraca-tensionadora-sider-central-lock-mod-universal","status":"publish","type":"product","link":"https:\/\/engrebras.com.br\/?product=catraca-tensionadora-sider-central-lock-mod-universal","title":{"rendered":"Catraca Tensionadora Sider Central Lock Mod. Universal"},"content":{"rendered":"<p>Catraca Tensionadora Sider Central Lock Mod. Universal<\/p>\n<p>Compat\u00edvel com <strong>Facchini<\/strong>, <strong>Librelato<\/strong> e <strong>Randon<\/strong>.<\/p>\n<p>Catraca Tensionadora Sider Central Lock Mod. Universal, \u00e9 utilizada para Esticar os Rabichos Presos \u00e0 Lona, Todas as Central Lock Presa no Sider s\u00e3o ajustada de uma s\u00f3 vez, confeccionada em A\u00e7o.<\/p>\n<p>Dados T\u00e9cnicos: Modelo Central Lock Universal<\/p>\n<p>Material: A\u00e7o<\/p>\n<p>Aplica\u00e7\u00e3o em ve\u00edculo: Carreta e caminh\u00f5es<\/p>\n<p class=\"p1\">Desde 1971 atendendo grandes marcas, que prezam por qualidade e agilidade.<\/p>\n<p class=\"p1\">Somos, hoje l\u00edderes na fabrica\u00e7\u00e3o de implementos rodovi\u00e1rios, catraca fixa e engrenagens. Atendemos as maiores empresas, nacionais e internacionais do segmento com seriedade e profissionalismo. Investimos constantemente em inova\u00e7\u00e3o, tecnologia e seguran\u00e7a para que nossos clientes estejam sempre \u00e0 frente.<\/p>\n","protected":false},"excerpt":{"rendered":"<p>Catraca Tensionadora Sider Central Lock Mod. Universal Compat\u00edvel com Facchini, Librelato e Randon. Catraca Tensionadora Sider Central Lock Mod. Universal, \u00e9 utilizada para Esticar os Rabichos Presos \u00e0 Lona, Todas as Central Lock Presa no Sider s\u00e3o ajustada de uma s\u00f3 vez, confeccionada em A\u00e7o. Dados T\u00e9cnicos: Modelo Central Lock Universal Material: A\u00e7o Aplica\u00e7\u00e3o em &hellip; <a href=\"https:\/\/engrebras.com.br\/?product=catraca-tensionadora-sider-central-lock-mod-universal\" class=\"more-link\">Continue reading <span class=\"screen-reader-text\">Catraca Tensionadora Sider Central Lock Mod. Universal<\/span><\/a><\/p>\n","protected":false},"featured_media":2802,"comment_status":"open","ping_status":"closed","template":"","meta":[],"product_brand":[],"product_cat":[40],"product_tag":[],"class_list":{"0":"post-2797","1":"product","2":"type-product","3":"status-publish","4":"has-post-thumbnail","6":"product_cat-catracas","8":"first","9":"instock","10":"shipping-taxable","11":"product-type-simple"},"yoast_head":"<!-- This site is optimized with the Yoast SEO plugin v27.4 - https:\/\/yoast.com\/product\/yoast-seo-wordpress\/ -->\n<title>Catraca Tensionadora Sider Central Lock Mod. Universal - Engrebras - Loja Virtual<\/title>\n<meta name=\"robots\" content=\"index, follow, max-snippet:-1, max-image-preview:large, max-video-preview:-1\" \/>\n<link rel=\"canonical\" href=\"https:\/\/engrebras.com.br\/?product=catraca-tensionadora-sider-central-lock-mod-universal\" \/>\n<meta property=\"og:locale\" content=\"pt_BR\" \/>\n<meta property=\"og:type\" content=\"article\" \/>\n<meta property=\"og:title\" content=\"Catraca Tensionadora Sider Central Lock Mod. Universal - Engrebras - Loja Virtual\" \/>\n<meta property=\"og:description\" content=\"Catraca Tensionadora Sider Central Lock Mod. Universal Compat\u00edvel com Facchini, Librelato e Randon. Catraca Tensionadora Sider Central Lock Mod. Universal, \u00e9 utilizada para Esticar os Rabichos Presos \u00e0 Lona, Todas as Central Lock Presa no Sider s\u00e3o ajustada de uma s\u00f3 vez, confeccionada em A\u00e7o. Dados T\u00e9cnicos: Modelo Central Lock Universal Material: A\u00e7o Aplica\u00e7\u00e3o em &hellip; Continue reading Catraca Tensionadora Sider Central Lock Mod. Universal\" \/>\n<meta property=\"og:url\" content=\"https:\/\/engrebras.com.br\/?product=catraca-tensionadora-sider-central-lock-mod-universal\" \/>\n<meta property=\"og:site_name\" content=\"Engrebras - Loja Virtual\" \/>\n<meta property=\"article:modified_time\" content=\"2026-02-02T19:30:38+00:00\" \/>\n<meta property=\"og:image\" content=\"https:\/\/engrebras.com.br\/wp-content\/uploads\/2026\/02\/Central_Lock_Universal02.png\" \/>\n\t<meta property=\"og:image:width\" content=\"1280\" \/>\n\t<meta property=\"og:image:height\" content=\"1280\" \/>\n\t<meta property=\"og:image:type\" content=\"image\/png\" \/>\n<meta name=\"twitter:card\" content=\"summary_large_image\" \/>\n<meta name=\"twitter:label1\" content=\"Est. tempo de leitura\" \/>\n\t<meta name=\"twitter:data1\" content=\"1 minuto\" \/>\n<script type=\"application\/ld+json\" class=\"yoast-schema-graph\">{\"@context\":\"https:\\\/\\\/schema.org\",\"@graph\":[{\"@type\":\"WebPage\",\"@id\":\"https:\\\/\\\/engrebras.com.br\\\/?product=catraca-tensionadora-sider-central-lock-mod-universal\",\"url\":\"https:\\\/\\\/engrebras.com.br\\\/?product=catraca-tensionadora-sider-central-lock-mod-universal\",\"name\":\"Catraca Tensionadora Sider Central Lock Mod. Universal - Engrebras - Loja Virtual\",\"isPartOf\":{\"@id\":\"https:\\\/\\\/engrebras.com.br\\\/#website\"},\"primaryImageOfPage\":{\"@id\":\"https:\\\/\\\/engrebras.com.br\\\/?product=catraca-tensionadora-sider-central-lock-mod-universal#primaryimage\"},\"image\":{\"@id\":\"https:\\\/\\\/engrebras.com.br\\\/?product=catraca-tensionadora-sider-central-lock-mod-universal#primaryimage\"},\"thumbnailUrl\":\"https:\\\/\\\/engrebras.com.br\\\/wp-content\\\/uploads\\\/2026\\\/02\\\/Central_Lock_Universal02.png\",\"datePublished\":\"2026-02-02T19:29:35+00:00\",\"dateModified\":\"2026-02-02T19:30:38+00:00\",\"breadcrumb\":{\"@id\":\"https:\\\/\\\/engrebras.com.br\\\/?product=catraca-tensionadora-sider-central-lock-mod-universal#breadcrumb\"},\"inLanguage\":\"pt-BR\",\"potentialAction\":[{\"@type\":\"ReadAction\",\"target\":[\"https:\\\/\\\/engrebras.com.br\\\/?product=catraca-tensionadora-sider-central-lock-mod-universal\"]}]},{\"@type\":\"ImageObject\",\"inLanguage\":\"pt-BR\",\"@id\":\"https:\\\/\\\/engrebras.com.br\\\/?product=catraca-tensionadora-sider-central-lock-mod-universal#primaryimage\",\"url\":\"https:\\\/\\\/engrebras.com.br\\\/wp-content\\\/uploads\\\/2026\\\/02\\\/Central_Lock_Universal02.png\",\"contentUrl\":\"https:\\\/\\\/engrebras.com.br\\\/wp-content\\\/uploads\\\/2026\\\/02\\\/Central_Lock_Universal02.png\",\"width\":1280,\"height\":1280},{\"@type\":\"BreadcrumbList\",\"@id\":\"https:\\\/\\\/engrebras.com.br\\\/?product=catraca-tensionadora-sider-central-lock-mod-universal#breadcrumb\",\"itemListElement\":[{\"@type\":\"ListItem\",\"position\":1,\"name\":\"In\u00edcio\",\"item\":\"https:\\\/\\\/engrebras.com.br\\\/\"},{\"@type\":\"ListItem\",\"position\":2,\"name\":\"Shop\",\"item\":\"https:\\\/\\\/engrebras.com.br\\\/?page_id=2238\"},{\"@type\":\"ListItem\",\"position\":3,\"name\":\"Catraca Tensionadora Sider Central Lock Mod. Universal\"}]},{\"@type\":\"WebSite\",\"@id\":\"https:\\\/\\\/engrebras.com.br\\\/#website\",\"url\":\"https:\\\/\\\/engrebras.com.br\\\/\",\"name\":\"Engrebras - Loja Virtual\",\"description\":\"\",\"potentialAction\":[{\"@type\":\"SearchAction\",\"target\":{\"@type\":\"EntryPoint\",\"urlTemplate\":\"https:\\\/\\\/engrebras.com.br\\\/?s={search_term_string}\"},\"query-input\":{\"@type\":\"PropertyValueSpecification\",\"valueRequired\":true,\"valueName\":\"search_term_string\"}}],\"inLanguage\":\"pt-BR\"}]}<\/script>\n<!-- \/ Yoast SEO plugin. -->","yoast_head_json":{"title":"Catraca Tensionadora Sider Central Lock Mod. Universal - Engrebras - Loja Virtual","robots":{"index":"index","follow":"follow","max-snippet":"max-snippet:-1","max-image-preview":"max-image-preview:large","max-video-preview":"max-video-preview:-1"},"canonical":"https:\/\/engrebras.com.br\/?product=catraca-tensionadora-sider-central-lock-mod-universal","og_locale":"pt_BR","og_type":"article","og_title":"Catraca Tensionadora Sider Central Lock Mod. Universal - Engrebras - Loja Virtual","og_description":"Catraca Tensionadora Sider Central Lock Mod. Universal Compat\u00edvel com Facchini, Librelato e Randon. Catraca Tensionadora Sider Central Lock Mod. Universal, \u00e9 utilizada para Esticar os Rabichos Presos \u00e0 Lona, Todas as Central Lock Presa no Sider s\u00e3o ajustada de uma s\u00f3 vez, confeccionada em A\u00e7o. Dados T\u00e9cnicos: Modelo Central Lock Universal Material: A\u00e7o Aplica\u00e7\u00e3o em &hellip; Continue reading Catraca Tensionadora Sider Central Lock Mod. Universal","og_url":"https:\/\/engrebras.com.br\/?product=catraca-tensionadora-sider-central-lock-mod-universal","og_site_name":"Engrebras - Loja Virtual","article_modified_time":"2026-02-02T19:30:38+00:00","og_image":[{"width":1280,"height":1280,"url":"https:\/\/engrebras.com.br\/wp-content\/uploads\/2026\/02\/Central_Lock_Universal02.png","type":"image\/png"}],"twitter_card":"summary_large_image","twitter_misc":{"Est. tempo de leitura":"1 minuto"},"schema":{"@context":"https:\/\/schema.org","@graph":[{"@type":"WebPage","@id":"https:\/\/engrebras.com.br\/?product=catraca-tensionadora-sider-central-lock-mod-universal","url":"https:\/\/engrebras.com.br\/?product=catraca-tensionadora-sider-central-lock-mod-universal","name":"Catraca Tensionadora Sider Central Lock Mod. Universal - Engrebras - Loja Virtual","isPartOf":{"@id":"https:\/\/engrebras.com.br\/#website"},"primaryImageOfPage":{"@id":"https:\/\/engrebras.com.br\/?product=catraca-tensionadora-sider-central-lock-mod-universal#primaryimage"},"image":{"@id":"https:\/\/engrebras.com.br\/?product=catraca-tensionadora-sider-central-lock-mod-universal#primaryimage"},"thumbnailUrl":"https:\/\/engrebras.com.br\/wp-content\/uploads\/2026\/02\/Central_Lock_Universal02.png","datePublished":"2026-02-02T19:29:35+00:00","dateModified":"2026-02-02T19:30:38+00:00","breadcrumb":{"@id":"https:\/\/engrebras.com.br\/?product=catraca-tensionadora-sider-central-lock-mod-universal#breadcrumb"},"inLanguage":"pt-BR","potentialAction":[{"@type":"ReadAction","target":["https:\/\/engrebras.com.br\/?product=catraca-tensionadora-sider-central-lock-mod-universal"]}]},{"@type":"ImageObject","inLanguage":"pt-BR","@id":"https:\/\/engrebras.com.br\/?product=catraca-tensionadora-sider-central-lock-mod-universal#primaryimage","url":"https:\/\/engrebras.com.br\/wp-content\/uploads\/2026\/02\/Central_Lock_Universal02.png","contentUrl":"https:\/\/engrebras.com.br\/wp-content\/uploads\/2026\/02\/Central_Lock_Universal02.png","width":1280,"height":1280},{"@type":"BreadcrumbList","@id":"https:\/\/engrebras.com.br\/?product=catraca-tensionadora-sider-central-lock-mod-universal#breadcrumb","itemListElement":[{"@type":"ListItem","position":1,"name":"In\u00edcio","item":"https:\/\/engrebras.com.br\/"},{"@type":"ListItem","position":2,"name":"Shop","item":"https:\/\/engrebras.com.br\/?page_id=2238"},{"@type":"ListItem","position":3,"name":"Catraca Tensionadora Sider Central Lock Mod. Universal"}]},{"@type":"WebSite","@id":"https:\/\/engrebras.com.br\/#website","url":"https:\/\/engrebras.com.br\/","name":"Engrebras - Loja Virtual","description":"","potentialAction":[{"@type":"SearchAction","target":{"@type":"EntryPoint","urlTemplate":"https:\/\/engrebras.com.br\/?s={search_term_string}"},"query-input":{"@type":"PropertyValueSpecification","valueRequired":true,"valueName":"search_term_string"}}],"inLanguage":"pt-BR"}]}},"_links":{"self":[{"href":"https:\/\/engrebras.com.br\/index.php?rest_route=\/wp\/v2\/product\/2797","targetHints":{"allow":["GET"]}}],"collection":[{"href":"https:\/\/engrebras.com.br\/index.php?rest_route=\/wp\/v2\/product"}],"about":[{"href":"https:\/\/engrebras.com.br\/index.php?rest_route=\/wp\/v2\/types\/product"}],"replies":[{"embeddable":true,"href":"https:\/\/engrebras.com.br\/index.php?rest_route=%2Fwp%2Fv2%2Fcomments&post=2797"}],"wp:featuredmedia":[{"embeddable":true,"href":"https:\/\/engrebras.com.br\/index.php?rest_route=\/wp\/v2\/media\/2802"}],"wp:attachment":[{"href":"https:\/\/engrebras.com.br\/index.php?rest_route=%2Fwp%2Fv2%2Fmedia&parent=2797"}],"wp:term":[{"taxonomy":"product_brand","embeddable":true,"href":"https:\/\/engrebras.com.br\/index.php?rest_route=%2Fwp%2Fv2%2Fproduct_brand&post=2797"},{"taxonomy":"product_cat","embeddable":true,"href":"https:\/\/engrebras.com.br\/index.php?rest_route=%2Fwp%2Fv2%2Fproduct_cat&post=2797"},{"taxonomy":"product_tag","embeddable":true,"href":"https:\/\/engrebras.com.br\/index.php?rest_route=%2Fwp%2Fv2%2Fproduct_tag&post=2797"}],"curies":[{"name":"wp","href":"https:\/\/api.w.org\/{rel}","templated":true}]}}