{"id":2780,"date":"2026-02-02T16:02:06","date_gmt":"2026-02-02T19:02:06","guid":{"rendered":"https:\/\/engrebras.com.br\/?post_type=product&#038;p=2780"},"modified":"2026-02-03T15:29:39","modified_gmt":"2026-02-03T18:29:39","slug":"suporte-enrolador-cinta-de-amarracao","status":"publish","type":"product","link":"https:\/\/engrebras.com.br\/?product=suporte-enrolador-cinta-de-amarracao","title":{"rendered":"Suporte Enrolador Cinta De Amarra\u00e7\u00e3o"},"content":{"rendered":"<p>Suporte para Enrolar Cintas de Amarra\u00e7\u00e3o. O enrolador de cinta de amarra\u00e7\u00e3o para caminh\u00e3o carreta \u00e9 a ferramenta ideal para garantir agilidade, seguran\u00e7a e organiza\u00e7\u00e3o no processo de amarra\u00e7\u00e3o de cargas. Desenvolvido para otimizar o uso das cintas de amarra\u00e7\u00e3o, esse enrolador permite que a cinta seja facilmente recolhida e armazenada, evitando embolos e desgastes.<\/p>\n<p>&nbsp;<\/p>\n<p>Cintas at\u00e9 9mts<\/p>\n<p>Suporte remov\u00edvel<\/p>\n<p>Trava borboleta<\/p>\n<p>&nbsp;<\/p>\n<p>Dimens\u00f5es:<\/p>\n<p>Altura :16cm<\/p>\n<p>Comprimento: 25cm<\/p>\n<p>&nbsp;<\/p>\n<p class=\"p1\">Desde 1971 atendendo grandes marcas, que prezam por qualidade e agilidade.<\/p>\n<p class=\"p1\">Somos, hoje l\u00edderes na fabrica\u00e7\u00e3o de implementos rodovi\u00e1rios, catraca fixa e engrenagens. Atendemos as maiores empresas, nacionais e internacionais do segmento com seriedade e profissionalismo. Investimos constantemente em inova\u00e7\u00e3o, tecnologia e seguran\u00e7a para que nossos clientes estejam sempre \u00e0 frente.<\/p>\n","protected":false},"excerpt":{"rendered":"<p>Suporte para Enrolar Cintas de Amarra\u00e7\u00e3o. O enrolador de cinta de amarra\u00e7\u00e3o para caminh\u00e3o carreta \u00e9 a ferramenta ideal para garantir agilidade, seguran\u00e7a e organiza\u00e7\u00e3o no processo de amarra\u00e7\u00e3o de cargas. Desenvolvido para otimizar o uso das cintas de amarra\u00e7\u00e3o, esse enrolador permite que a cinta seja facilmente recolhida e armazenada, evitando embolos e desgastes. &hellip; <a href=\"https:\/\/engrebras.com.br\/?product=suporte-enrolador-cinta-de-amarracao\" class=\"more-link\">Continue reading <span class=\"screen-reader-text\">Suporte Enrolador Cinta De Amarra\u00e7\u00e3o<\/span><\/a><\/p>\n","protected":false},"featured_media":2787,"comment_status":"open","ping_status":"closed","template":"","meta":[],"product_brand":[],"product_cat":[34,43],"product_tag":[],"class_list":{"0":"post-2780","1":"product","2":"type-product","3":"status-publish","4":"has-post-thumbnail","6":"product_cat-acessorios","7":"product_cat-cintas","9":"first","10":"instock","11":"shipping-taxable","12":"product-type-simple"},"yoast_head":"<!-- This site is optimized with the Yoast SEO plugin v27.4 - https:\/\/yoast.com\/product\/yoast-seo-wordpress\/ -->\n<title>Suporte Enrolador Cinta De Amarra\u00e7\u00e3o - Engrebras - Loja Virtual<\/title>\n<meta name=\"robots\" content=\"index, follow, max-snippet:-1, max-image-preview:large, max-video-preview:-1\" \/>\n<link rel=\"canonical\" href=\"https:\/\/engrebras.com.br\/?product=suporte-enrolador-cinta-de-amarracao\" \/>\n<meta property=\"og:locale\" content=\"pt_BR\" \/>\n<meta property=\"og:type\" content=\"article\" \/>\n<meta property=\"og:title\" content=\"Suporte Enrolador Cinta De Amarra\u00e7\u00e3o - Engrebras - Loja Virtual\" \/>\n<meta property=\"og:description\" content=\"Suporte para Enrolar Cintas de Amarra\u00e7\u00e3o. O enrolador de cinta de amarra\u00e7\u00e3o para caminh\u00e3o carreta \u00e9 a ferramenta ideal para garantir agilidade, seguran\u00e7a e organiza\u00e7\u00e3o no processo de amarra\u00e7\u00e3o de cargas. Desenvolvido para otimizar o uso das cintas de amarra\u00e7\u00e3o, esse enrolador permite que a cinta seja facilmente recolhida e armazenada, evitando embolos e desgastes. &hellip; Continue reading Suporte Enrolador Cinta De Amarra\u00e7\u00e3o\" \/>\n<meta property=\"og:url\" content=\"https:\/\/engrebras.com.br\/?product=suporte-enrolador-cinta-de-amarracao\" \/>\n<meta property=\"og:site_name\" content=\"Engrebras - Loja Virtual\" \/>\n<meta property=\"article:modified_time\" content=\"2026-02-03T18:29:39+00:00\" \/>\n<meta property=\"og:image\" content=\"https:\/\/engrebras.com.br\/wp-content\/uploads\/2026\/02\/Enrolador_de_Cinta06.jpg\" \/>\n\t<meta property=\"og:image:width\" content=\"793\" \/>\n\t<meta property=\"og:image:height\" content=\"810\" \/>\n\t<meta property=\"og:image:type\" content=\"image\/jpeg\" \/>\n<meta name=\"twitter:card\" content=\"summary_large_image\" \/>\n<meta name=\"twitter:label1\" content=\"Est. tempo de leitura\" \/>\n\t<meta name=\"twitter:data1\" content=\"1 minuto\" \/>\n<script type=\"application\/ld+json\" class=\"yoast-schema-graph\">{\"@context\":\"https:\\\/\\\/schema.org\",\"@graph\":[{\"@type\":\"WebPage\",\"@id\":\"https:\\\/\\\/engrebras.com.br\\\/?product=suporte-enrolador-cinta-de-amarracao\",\"url\":\"https:\\\/\\\/engrebras.com.br\\\/?product=suporte-enrolador-cinta-de-amarracao\",\"name\":\"Suporte Enrolador Cinta De Amarra\u00e7\u00e3o - Engrebras - Loja Virtual\",\"isPartOf\":{\"@id\":\"https:\\\/\\\/engrebras.com.br\\\/#website\"},\"primaryImageOfPage\":{\"@id\":\"https:\\\/\\\/engrebras.com.br\\\/?product=suporte-enrolador-cinta-de-amarracao#primaryimage\"},\"image\":{\"@id\":\"https:\\\/\\\/engrebras.com.br\\\/?product=suporte-enrolador-cinta-de-amarracao#primaryimage\"},\"thumbnailUrl\":\"https:\\\/\\\/engrebras.com.br\\\/wp-content\\\/uploads\\\/2026\\\/02\\\/Enrolador_de_Cinta06.jpg\",\"datePublished\":\"2026-02-02T19:02:06+00:00\",\"dateModified\":\"2026-02-03T18:29:39+00:00\",\"breadcrumb\":{\"@id\":\"https:\\\/\\\/engrebras.com.br\\\/?product=suporte-enrolador-cinta-de-amarracao#breadcrumb\"},\"inLanguage\":\"pt-BR\",\"potentialAction\":[{\"@type\":\"ReadAction\",\"target\":[\"https:\\\/\\\/engrebras.com.br\\\/?product=suporte-enrolador-cinta-de-amarracao\"]}]},{\"@type\":\"ImageObject\",\"inLanguage\":\"pt-BR\",\"@id\":\"https:\\\/\\\/engrebras.com.br\\\/?product=suporte-enrolador-cinta-de-amarracao#primaryimage\",\"url\":\"https:\\\/\\\/engrebras.com.br\\\/wp-content\\\/uploads\\\/2026\\\/02\\\/Enrolador_de_Cinta06.jpg\",\"contentUrl\":\"https:\\\/\\\/engrebras.com.br\\\/wp-content\\\/uploads\\\/2026\\\/02\\\/Enrolador_de_Cinta06.jpg\",\"width\":793,\"height\":810},{\"@type\":\"BreadcrumbList\",\"@id\":\"https:\\\/\\\/engrebras.com.br\\\/?product=suporte-enrolador-cinta-de-amarracao#breadcrumb\",\"itemListElement\":[{\"@type\":\"ListItem\",\"position\":1,\"name\":\"In\u00edcio\",\"item\":\"https:\\\/\\\/engrebras.com.br\\\/\"},{\"@type\":\"ListItem\",\"position\":2,\"name\":\"Shop\",\"item\":\"https:\\\/\\\/engrebras.com.br\\\/?page_id=2238\"},{\"@type\":\"ListItem\",\"position\":3,\"name\":\"Suporte Enrolador Cinta De Amarra\u00e7\u00e3o\"}]},{\"@type\":\"WebSite\",\"@id\":\"https:\\\/\\\/engrebras.com.br\\\/#website\",\"url\":\"https:\\\/\\\/engrebras.com.br\\\/\",\"name\":\"Engrebras - Loja Virtual\",\"description\":\"\",\"potentialAction\":[{\"@type\":\"SearchAction\",\"target\":{\"@type\":\"EntryPoint\",\"urlTemplate\":\"https:\\\/\\\/engrebras.com.br\\\/?s={search_term_string}\"},\"query-input\":{\"@type\":\"PropertyValueSpecification\",\"valueRequired\":true,\"valueName\":\"search_term_string\"}}],\"inLanguage\":\"pt-BR\"}]}<\/script>\n<!-- \/ Yoast SEO plugin. -->","yoast_head_json":{"title":"Suporte Enrolador Cinta De Amarra\u00e7\u00e3o - Engrebras - Loja Virtual","robots":{"index":"index","follow":"follow","max-snippet":"max-snippet:-1","max-image-preview":"max-image-preview:large","max-video-preview":"max-video-preview:-1"},"canonical":"https:\/\/engrebras.com.br\/?product=suporte-enrolador-cinta-de-amarracao","og_locale":"pt_BR","og_type":"article","og_title":"Suporte Enrolador Cinta De Amarra\u00e7\u00e3o - Engrebras - Loja Virtual","og_description":"Suporte para Enrolar Cintas de Amarra\u00e7\u00e3o. O enrolador de cinta de amarra\u00e7\u00e3o para caminh\u00e3o carreta \u00e9 a ferramenta ideal para garantir agilidade, seguran\u00e7a e organiza\u00e7\u00e3o no processo de amarra\u00e7\u00e3o de cargas. Desenvolvido para otimizar o uso das cintas de amarra\u00e7\u00e3o, esse enrolador permite que a cinta seja facilmente recolhida e armazenada, evitando embolos e desgastes. &hellip; Continue reading Suporte Enrolador Cinta De Amarra\u00e7\u00e3o","og_url":"https:\/\/engrebras.com.br\/?product=suporte-enrolador-cinta-de-amarracao","og_site_name":"Engrebras - Loja Virtual","article_modified_time":"2026-02-03T18:29:39+00:00","og_image":[{"width":793,"height":810,"url":"https:\/\/engrebras.com.br\/wp-content\/uploads\/2026\/02\/Enrolador_de_Cinta06.jpg","type":"image\/jpeg"}],"twitter_card":"summary_large_image","twitter_misc":{"Est. tempo de leitura":"1 minuto"},"schema":{"@context":"https:\/\/schema.org","@graph":[{"@type":"WebPage","@id":"https:\/\/engrebras.com.br\/?product=suporte-enrolador-cinta-de-amarracao","url":"https:\/\/engrebras.com.br\/?product=suporte-enrolador-cinta-de-amarracao","name":"Suporte Enrolador Cinta De Amarra\u00e7\u00e3o - Engrebras - Loja Virtual","isPartOf":{"@id":"https:\/\/engrebras.com.br\/#website"},"primaryImageOfPage":{"@id":"https:\/\/engrebras.com.br\/?product=suporte-enrolador-cinta-de-amarracao#primaryimage"},"image":{"@id":"https:\/\/engrebras.com.br\/?product=suporte-enrolador-cinta-de-amarracao#primaryimage"},"thumbnailUrl":"https:\/\/engrebras.com.br\/wp-content\/uploads\/2026\/02\/Enrolador_de_Cinta06.jpg","datePublished":"2026-02-02T19:02:06+00:00","dateModified":"2026-02-03T18:29:39+00:00","breadcrumb":{"@id":"https:\/\/engrebras.com.br\/?product=suporte-enrolador-cinta-de-amarracao#breadcrumb"},"inLanguage":"pt-BR","potentialAction":[{"@type":"ReadAction","target":["https:\/\/engrebras.com.br\/?product=suporte-enrolador-cinta-de-amarracao"]}]},{"@type":"ImageObject","inLanguage":"pt-BR","@id":"https:\/\/engrebras.com.br\/?product=suporte-enrolador-cinta-de-amarracao#primaryimage","url":"https:\/\/engrebras.com.br\/wp-content\/uploads\/2026\/02\/Enrolador_de_Cinta06.jpg","contentUrl":"https:\/\/engrebras.com.br\/wp-content\/uploads\/2026\/02\/Enrolador_de_Cinta06.jpg","width":793,"height":810},{"@type":"BreadcrumbList","@id":"https:\/\/engrebras.com.br\/?product=suporte-enrolador-cinta-de-amarracao#breadcrumb","itemListElement":[{"@type":"ListItem","position":1,"name":"In\u00edcio","item":"https:\/\/engrebras.com.br\/"},{"@type":"ListItem","position":2,"name":"Shop","item":"https:\/\/engrebras.com.br\/?page_id=2238"},{"@type":"ListItem","position":3,"name":"Suporte Enrolador Cinta De Amarra\u00e7\u00e3o"}]},{"@type":"WebSite","@id":"https:\/\/engrebras.com.br\/#website","url":"https:\/\/engrebras.com.br\/","name":"Engrebras - Loja Virtual","description":"","potentialAction":[{"@type":"SearchAction","target":{"@type":"EntryPoint","urlTemplate":"https:\/\/engrebras.com.br\/?s={search_term_string}"},"query-input":{"@type":"PropertyValueSpecification","valueRequired":true,"valueName":"search_term_string"}}],"inLanguage":"pt-BR"}]}},"_links":{"self":[{"href":"https:\/\/engrebras.com.br\/index.php?rest_route=\/wp\/v2\/product\/2780","targetHints":{"allow":["GET"]}}],"collection":[{"href":"https:\/\/engrebras.com.br\/index.php?rest_route=\/wp\/v2\/product"}],"about":[{"href":"https:\/\/engrebras.com.br\/index.php?rest_route=\/wp\/v2\/types\/product"}],"replies":[{"embeddable":true,"href":"https:\/\/engrebras.com.br\/index.php?rest_route=%2Fwp%2Fv2%2Fcomments&post=2780"}],"wp:featuredmedia":[{"embeddable":true,"href":"https:\/\/engrebras.com.br\/index.php?rest_route=\/wp\/v2\/media\/2787"}],"wp:attachment":[{"href":"https:\/\/engrebras.com.br\/index.php?rest_route=%2Fwp%2Fv2%2Fmedia&parent=2780"}],"wp:term":[{"taxonomy":"product_brand","embeddable":true,"href":"https:\/\/engrebras.com.br\/index.php?rest_route=%2Fwp%2Fv2%2Fproduct_brand&post=2780"},{"taxonomy":"product_cat","embeddable":true,"href":"https:\/\/engrebras.com.br\/index.php?rest_route=%2Fwp%2Fv2%2Fproduct_cat&post=2780"},{"taxonomy":"product_tag","embeddable":true,"href":"https:\/\/engrebras.com.br\/index.php?rest_route=%2Fwp%2Fv2%2Fproduct_tag&post=2780"}],"curies":[{"name":"wp","href":"https:\/\/api.w.org\/{rel}","templated":true}]}}