{"id":2719,"date":"2026-02-02T11:33:25","date_gmt":"2026-02-02T14:33:25","guid":{"rendered":"https:\/\/engrebras.com.br\/?post_type=product&#038;p=2719"},"modified":"2026-02-02T15:36:25","modified_gmt":"2026-02-02T18:36:25","slug":"catraca-fixa-do-sider-5-toneladas","status":"publish","type":"product","link":"https:\/\/engrebras.com.br\/?product=catraca-fixa-do-sider-5-toneladas","title":{"rendered":"Catraca Fixa do Sider &#8211; 5 Toneladas"},"content":{"rendered":"<p>Catraca Fixa eixo maci\u00e7o 50mm. de 5 toneladas<\/p>\n<p>Engrenagem Dupla<\/p>\n<p>Temos a op\u00e7\u00e3o com ou sem Chapinha de fixa\u00e7\u00e3o com o parafuso<\/p>\n<p class=\"font_9 wixui-rich-text__text\"><span class=\"wixui-rich-text__text\"><span class=\"color_15 wixui-rich-text__text\">Desde 1971 atendendo grandes marcas, que prezam por qualidade e agilidade.<\/span><\/span><\/p>\n<p class=\"font_9 wixui-rich-text__text\"><span class=\"wixui-rich-text__text\"><span class=\"color_15 wixui-rich-text__text\">Somos, hoje l\u00edderes na fabrica\u00e7\u00e3o de implementos rodovi\u00e1rios, catraca fixa e engrenagens. Atendemos as maiores empresas, nacionais e internacionais do segmento com seriedade e profissionalismo. Investimos constantemente em inova\u00e7\u00e3o, tecnologia e seguran\u00e7a para que nossos clientes estejam sempre \u00e0 frente.<\/span><\/span><\/p>\n","protected":false},"excerpt":{"rendered":"<p>Catraca Fixa eixo maci\u00e7o 50mm. de 5 toneladas Engrenagem Dupla Temos a op\u00e7\u00e3o com ou sem Chapinha de fixa\u00e7\u00e3o com o parafuso Desde 1971 atendendo grandes marcas, que prezam por qualidade e agilidade. Somos, hoje l\u00edderes na fabrica\u00e7\u00e3o de implementos rodovi\u00e1rios, catraca fixa e engrenagens. Atendemos as maiores empresas, nacionais e internacionais do segmento com &hellip; <a href=\"https:\/\/engrebras.com.br\/?product=catraca-fixa-do-sider-5-toneladas\" class=\"more-link\">Continue reading <span class=\"screen-reader-text\">Catraca Fixa do Sider &#8211; 5 Toneladas<\/span><\/a><\/p>\n","protected":false},"featured_media":2720,"comment_status":"open","ping_status":"closed","template":"","meta":[],"product_brand":[],"product_cat":[40],"product_tag":[],"class_list":{"0":"post-2719","1":"product","2":"type-product","3":"status-publish","4":"has-post-thumbnail","6":"product_cat-catracas","8":"first","9":"instock","10":"shipping-taxable","11":"product-type-simple"},"yoast_head":"<!-- This site is optimized with the Yoast SEO plugin v27.4 - https:\/\/yoast.com\/product\/yoast-seo-wordpress\/ -->\n<title>Catraca Fixa do Sider - 5 Toneladas - Engrebras - Loja Virtual<\/title>\n<meta name=\"robots\" content=\"index, follow, max-snippet:-1, max-image-preview:large, max-video-preview:-1\" \/>\n<link rel=\"canonical\" href=\"https:\/\/engrebras.com.br\/?product=catraca-fixa-do-sider-5-toneladas\" \/>\n<meta property=\"og:locale\" content=\"pt_BR\" \/>\n<meta property=\"og:type\" content=\"article\" \/>\n<meta property=\"og:title\" content=\"Catraca Fixa do Sider - 5 Toneladas - Engrebras - Loja Virtual\" \/>\n<meta property=\"og:description\" content=\"Catraca Fixa eixo maci\u00e7o 50mm. de 5 toneladas Engrenagem Dupla Temos a op\u00e7\u00e3o com ou sem Chapinha de fixa\u00e7\u00e3o com o parafuso Desde 1971 atendendo grandes marcas, que prezam por qualidade e agilidade. Somos, hoje l\u00edderes na fabrica\u00e7\u00e3o de implementos rodovi\u00e1rios, catraca fixa e engrenagens. Atendemos as maiores empresas, nacionais e internacionais do segmento com &hellip; Continue reading Catraca Fixa do Sider &#8211; 5 Toneladas\" \/>\n<meta property=\"og:url\" content=\"https:\/\/engrebras.com.br\/?product=catraca-fixa-do-sider-5-toneladas\" \/>\n<meta property=\"og:site_name\" content=\"Engrebras - Loja Virtual\" \/>\n<meta property=\"article:modified_time\" content=\"2026-02-02T18:36:25+00:00\" \/>\n<meta property=\"og:image\" content=\"https:\/\/engrebras.com.br\/wp-content\/uploads\/2026\/02\/WhatsApp-Image-2026-01-07-at-10.49.27-Photoroom.png\" \/>\n\t<meta property=\"og:image:width\" content=\"1280\" \/>\n\t<meta property=\"og:image:height\" content=\"1280\" \/>\n\t<meta property=\"og:image:type\" content=\"image\/png\" \/>\n<meta name=\"twitter:card\" content=\"summary_large_image\" \/>\n<script type=\"application\/ld+json\" class=\"yoast-schema-graph\">{\"@context\":\"https:\\\/\\\/schema.org\",\"@graph\":[{\"@type\":\"WebPage\",\"@id\":\"https:\\\/\\\/engrebras.com.br\\\/?product=catraca-fixa-do-sider-5-toneladas\",\"url\":\"https:\\\/\\\/engrebras.com.br\\\/?product=catraca-fixa-do-sider-5-toneladas\",\"name\":\"Catraca Fixa do Sider - 5 Toneladas - Engrebras - Loja Virtual\",\"isPartOf\":{\"@id\":\"https:\\\/\\\/engrebras.com.br\\\/#website\"},\"primaryImageOfPage\":{\"@id\":\"https:\\\/\\\/engrebras.com.br\\\/?product=catraca-fixa-do-sider-5-toneladas#primaryimage\"},\"image\":{\"@id\":\"https:\\\/\\\/engrebras.com.br\\\/?product=catraca-fixa-do-sider-5-toneladas#primaryimage\"},\"thumbnailUrl\":\"https:\\\/\\\/engrebras.com.br\\\/wp-content\\\/uploads\\\/2026\\\/02\\\/WhatsApp-Image-2026-01-07-at-10.49.27-Photoroom.png\",\"datePublished\":\"2026-02-02T14:33:25+00:00\",\"dateModified\":\"2026-02-02T18:36:25+00:00\",\"breadcrumb\":{\"@id\":\"https:\\\/\\\/engrebras.com.br\\\/?product=catraca-fixa-do-sider-5-toneladas#breadcrumb\"},\"inLanguage\":\"pt-BR\",\"potentialAction\":[{\"@type\":\"ReadAction\",\"target\":[\"https:\\\/\\\/engrebras.com.br\\\/?product=catraca-fixa-do-sider-5-toneladas\"]}]},{\"@type\":\"ImageObject\",\"inLanguage\":\"pt-BR\",\"@id\":\"https:\\\/\\\/engrebras.com.br\\\/?product=catraca-fixa-do-sider-5-toneladas#primaryimage\",\"url\":\"https:\\\/\\\/engrebras.com.br\\\/wp-content\\\/uploads\\\/2026\\\/02\\\/WhatsApp-Image-2026-01-07-at-10.49.27-Photoroom.png\",\"contentUrl\":\"https:\\\/\\\/engrebras.com.br\\\/wp-content\\\/uploads\\\/2026\\\/02\\\/WhatsApp-Image-2026-01-07-at-10.49.27-Photoroom.png\",\"width\":1280,\"height\":1280},{\"@type\":\"BreadcrumbList\",\"@id\":\"https:\\\/\\\/engrebras.com.br\\\/?product=catraca-fixa-do-sider-5-toneladas#breadcrumb\",\"itemListElement\":[{\"@type\":\"ListItem\",\"position\":1,\"name\":\"In\u00edcio\",\"item\":\"https:\\\/\\\/engrebras.com.br\\\/\"},{\"@type\":\"ListItem\",\"position\":2,\"name\":\"Shop\",\"item\":\"https:\\\/\\\/engrebras.com.br\\\/?page_id=2238\"},{\"@type\":\"ListItem\",\"position\":3,\"name\":\"Catraca Fixa do Sider &#8211; 5 Toneladas\"}]},{\"@type\":\"WebSite\",\"@id\":\"https:\\\/\\\/engrebras.com.br\\\/#website\",\"url\":\"https:\\\/\\\/engrebras.com.br\\\/\",\"name\":\"Engrebras - Loja Virtual\",\"description\":\"\",\"potentialAction\":[{\"@type\":\"SearchAction\",\"target\":{\"@type\":\"EntryPoint\",\"urlTemplate\":\"https:\\\/\\\/engrebras.com.br\\\/?s={search_term_string}\"},\"query-input\":{\"@type\":\"PropertyValueSpecification\",\"valueRequired\":true,\"valueName\":\"search_term_string\"}}],\"inLanguage\":\"pt-BR\"}]}<\/script>\n<!-- \/ Yoast SEO plugin. -->","yoast_head_json":{"title":"Catraca Fixa do Sider - 5 Toneladas - Engrebras - Loja Virtual","robots":{"index":"index","follow":"follow","max-snippet":"max-snippet:-1","max-image-preview":"max-image-preview:large","max-video-preview":"max-video-preview:-1"},"canonical":"https:\/\/engrebras.com.br\/?product=catraca-fixa-do-sider-5-toneladas","og_locale":"pt_BR","og_type":"article","og_title":"Catraca Fixa do Sider - 5 Toneladas - Engrebras - Loja Virtual","og_description":"Catraca Fixa eixo maci\u00e7o 50mm. de 5 toneladas Engrenagem Dupla Temos a op\u00e7\u00e3o com ou sem Chapinha de fixa\u00e7\u00e3o com o parafuso Desde 1971 atendendo grandes marcas, que prezam por qualidade e agilidade. Somos, hoje l\u00edderes na fabrica\u00e7\u00e3o de implementos rodovi\u00e1rios, catraca fixa e engrenagens. Atendemos as maiores empresas, nacionais e internacionais do segmento com &hellip; Continue reading Catraca Fixa do Sider &#8211; 5 Toneladas","og_url":"https:\/\/engrebras.com.br\/?product=catraca-fixa-do-sider-5-toneladas","og_site_name":"Engrebras - Loja Virtual","article_modified_time":"2026-02-02T18:36:25+00:00","og_image":[{"width":1280,"height":1280,"url":"https:\/\/engrebras.com.br\/wp-content\/uploads\/2026\/02\/WhatsApp-Image-2026-01-07-at-10.49.27-Photoroom.png","type":"image\/png"}],"twitter_card":"summary_large_image","schema":{"@context":"https:\/\/schema.org","@graph":[{"@type":"WebPage","@id":"https:\/\/engrebras.com.br\/?product=catraca-fixa-do-sider-5-toneladas","url":"https:\/\/engrebras.com.br\/?product=catraca-fixa-do-sider-5-toneladas","name":"Catraca Fixa do Sider - 5 Toneladas - Engrebras - Loja Virtual","isPartOf":{"@id":"https:\/\/engrebras.com.br\/#website"},"primaryImageOfPage":{"@id":"https:\/\/engrebras.com.br\/?product=catraca-fixa-do-sider-5-toneladas#primaryimage"},"image":{"@id":"https:\/\/engrebras.com.br\/?product=catraca-fixa-do-sider-5-toneladas#primaryimage"},"thumbnailUrl":"https:\/\/engrebras.com.br\/wp-content\/uploads\/2026\/02\/WhatsApp-Image-2026-01-07-at-10.49.27-Photoroom.png","datePublished":"2026-02-02T14:33:25+00:00","dateModified":"2026-02-02T18:36:25+00:00","breadcrumb":{"@id":"https:\/\/engrebras.com.br\/?product=catraca-fixa-do-sider-5-toneladas#breadcrumb"},"inLanguage":"pt-BR","potentialAction":[{"@type":"ReadAction","target":["https:\/\/engrebras.com.br\/?product=catraca-fixa-do-sider-5-toneladas"]}]},{"@type":"ImageObject","inLanguage":"pt-BR","@id":"https:\/\/engrebras.com.br\/?product=catraca-fixa-do-sider-5-toneladas#primaryimage","url":"https:\/\/engrebras.com.br\/wp-content\/uploads\/2026\/02\/WhatsApp-Image-2026-01-07-at-10.49.27-Photoroom.png","contentUrl":"https:\/\/engrebras.com.br\/wp-content\/uploads\/2026\/02\/WhatsApp-Image-2026-01-07-at-10.49.27-Photoroom.png","width":1280,"height":1280},{"@type":"BreadcrumbList","@id":"https:\/\/engrebras.com.br\/?product=catraca-fixa-do-sider-5-toneladas#breadcrumb","itemListElement":[{"@type":"ListItem","position":1,"name":"In\u00edcio","item":"https:\/\/engrebras.com.br\/"},{"@type":"ListItem","position":2,"name":"Shop","item":"https:\/\/engrebras.com.br\/?page_id=2238"},{"@type":"ListItem","position":3,"name":"Catraca Fixa do Sider &#8211; 5 Toneladas"}]},{"@type":"WebSite","@id":"https:\/\/engrebras.com.br\/#website","url":"https:\/\/engrebras.com.br\/","name":"Engrebras - Loja Virtual","description":"","potentialAction":[{"@type":"SearchAction","target":{"@type":"EntryPoint","urlTemplate":"https:\/\/engrebras.com.br\/?s={search_term_string}"},"query-input":{"@type":"PropertyValueSpecification","valueRequired":true,"valueName":"search_term_string"}}],"inLanguage":"pt-BR"}]}},"_links":{"self":[{"href":"https:\/\/engrebras.com.br\/index.php?rest_route=\/wp\/v2\/product\/2719","targetHints":{"allow":["GET"]}}],"collection":[{"href":"https:\/\/engrebras.com.br\/index.php?rest_route=\/wp\/v2\/product"}],"about":[{"href":"https:\/\/engrebras.com.br\/index.php?rest_route=\/wp\/v2\/types\/product"}],"replies":[{"embeddable":true,"href":"https:\/\/engrebras.com.br\/index.php?rest_route=%2Fwp%2Fv2%2Fcomments&post=2719"}],"wp:featuredmedia":[{"embeddable":true,"href":"https:\/\/engrebras.com.br\/index.php?rest_route=\/wp\/v2\/media\/2720"}],"wp:attachment":[{"href":"https:\/\/engrebras.com.br\/index.php?rest_route=%2Fwp%2Fv2%2Fmedia&parent=2719"}],"wp:term":[{"taxonomy":"product_brand","embeddable":true,"href":"https:\/\/engrebras.com.br\/index.php?rest_route=%2Fwp%2Fv2%2Fproduct_brand&post=2719"},{"taxonomy":"product_cat","embeddable":true,"href":"https:\/\/engrebras.com.br\/index.php?rest_route=%2Fwp%2Fv2%2Fproduct_cat&post=2719"},{"taxonomy":"product_tag","embeddable":true,"href":"https:\/\/engrebras.com.br\/index.php?rest_route=%2Fwp%2Fv2%2Fproduct_tag&post=2719"}],"curies":[{"name":"wp","href":"https:\/\/api.w.org\/{rel}","templated":true}]}}