{"id":2488,"date":"2025-05-25T23:58:04","date_gmt":"2025-05-26T02:58:04","guid":{"rendered":"https:\/\/engrebras.com.br\/?post_type=product&#038;p=2488"},"modified":"2026-02-02T15:35:35","modified_gmt":"2026-02-02T18:35:35","slug":"catraca-do-sider-mod-facchini-dupla","status":"publish","type":"product","link":"https:\/\/engrebras.com.br\/?product=catraca-do-sider-mod-facchini-dupla","title":{"rendered":"Catraca do Sider Mod. Facchini Dupla"},"content":{"rendered":"<p>A Catraca Esticadora Modelo Facchini Dupla \u00e9 um componente indispens\u00e1vel para o sistema de amarra\u00e7\u00e3o de lonas em implementos sider. Projetada com alta durabilidade e efici\u00eancia, esta catraca garante a seguran\u00e7a e praticidade no tensionamento das lonas, oferecendo estabilidade e prote\u00e7\u00e3o para cargas transportadas.<\/p>\n<p>Modelo: Facchini Dupla;<\/p>\n<p>Material: A\u00e7o Galvanizado<\/p>\n<p>Indicado para: Carretas modelo Facchini<\/p>\n<p>Fun\u00e7\u00e3o: Esticar e manter as lonas esticadas.<\/p>\n<p class=\"font_9 wixui-rich-text__text\"><span class=\"wixui-rich-text__text\"><span class=\"color_15 wixui-rich-text__text\">Desde 1971 atendendo grandes marcas, que prezam por qualidade e agilidade.<\/span><\/span><\/p>\n<p class=\"font_9 wixui-rich-text__text\"><span class=\"wixui-rich-text__text\"><span class=\"color_15 wixui-rich-text__text\">Somos, hoje l\u00edderes na fabrica\u00e7\u00e3o de implementos rodovi\u00e1rios, catraca fixa e engrenagens. Atendemos as maiores empresas, nacionais e internacionais do segmento com seriedade e profissionalismo. Investimos constantemente em inova\u00e7\u00e3o, tecnologia e seguran\u00e7a para que nossos clientes estejam sempre \u00e0 frente.<\/span><\/span><\/p>\n","protected":false},"excerpt":{"rendered":"<p>A Catraca Esticadora Modelo Facchini Dupla \u00e9 um componente indispens\u00e1vel para o sistema de amarra\u00e7\u00e3o de lonas em implementos sider. Projetada com alta durabilidade e efici\u00eancia, esta catraca garante a seguran\u00e7a e praticidade no tensionamento das lonas, oferecendo estabilidade e prote\u00e7\u00e3o para cargas transportadas. Modelo: Facchini Dupla; Material: A\u00e7o Galvanizado Indicado para: Carretas modelo Facchini &hellip; <a href=\"https:\/\/engrebras.com.br\/?product=catraca-do-sider-mod-facchini-dupla\" class=\"more-link\">Continue reading <span class=\"screen-reader-text\">Catraca do Sider Mod. Facchini Dupla<\/span><\/a><\/p>\n","protected":false},"featured_media":2710,"comment_status":"open","ping_status":"closed","template":"","meta":[],"product_brand":[],"product_cat":[40],"product_tag":[],"class_list":{"0":"post-2488","1":"product","2":"type-product","3":"status-publish","4":"has-post-thumbnail","6":"product_cat-catracas","8":"first","9":"instock","10":"shipping-taxable","11":"purchasable","12":"product-type-variable"},"yoast_head":"<!-- This site is optimized with the Yoast SEO plugin v27.0 - https:\/\/yoast.com\/product\/yoast-seo-wordpress\/ -->\n<title>Catraca do Sider Mod. Facchini Dupla - Engrebras - Loja Virtual<\/title>\n<meta name=\"robots\" content=\"index, follow, max-snippet:-1, max-image-preview:large, max-video-preview:-1\" \/>\n<link rel=\"canonical\" href=\"https:\/\/engrebras.com.br\/?product=catraca-do-sider-mod-facchini-dupla\" \/>\n<meta property=\"og:locale\" content=\"pt_BR\" \/>\n<meta property=\"og:type\" content=\"article\" \/>\n<meta property=\"og:title\" content=\"Catraca do Sider Mod. Facchini Dupla - Engrebras - Loja Virtual\" \/>\n<meta property=\"og:description\" content=\"A Catraca Esticadora Modelo Facchini Dupla \u00e9 um componente indispens\u00e1vel para o sistema de amarra\u00e7\u00e3o de lonas em implementos sider. Projetada com alta durabilidade e efici\u00eancia, esta catraca garante a seguran\u00e7a e praticidade no tensionamento das lonas, oferecendo estabilidade e prote\u00e7\u00e3o para cargas transportadas. Modelo: Facchini Dupla; Material: A\u00e7o Galvanizado Indicado para: Carretas modelo Facchini &hellip; Continue reading Catraca do Sider Mod. Facchini Dupla\" \/>\n<meta property=\"og:url\" content=\"https:\/\/engrebras.com.br\/?product=catraca-do-sider-mod-facchini-dupla\" \/>\n<meta property=\"og:site_name\" content=\"Engrebras - Loja Virtual\" \/>\n<meta property=\"article:modified_time\" content=\"2026-02-02T18:35:35+00:00\" \/>\n<meta property=\"og:image\" content=\"https:\/\/engrebras.com.br\/wp-content\/uploads\/2025\/05\/Catraca_Facchini_Dupla.jpg\" \/>\n\t<meta property=\"og:image:width\" content=\"1485\" \/>\n\t<meta property=\"og:image:height\" content=\"1487\" \/>\n\t<meta property=\"og:image:type\" content=\"image\/jpeg\" \/>\n<meta name=\"twitter:card\" content=\"summary_large_image\" \/>\n<meta name=\"twitter:label1\" content=\"Est. tempo de leitura\" \/>\n\t<meta name=\"twitter:data1\" content=\"1 minuto\" \/>\n<script type=\"application\/ld+json\" class=\"yoast-schema-graph\">{\"@context\":\"https:\/\/schema.org\",\"@graph\":[{\"@type\":\"WebPage\",\"@id\":\"https:\/\/engrebras.com.br\/?product=catraca-do-sider-mod-facchini-dupla\",\"url\":\"https:\/\/engrebras.com.br\/?product=catraca-do-sider-mod-facchini-dupla\",\"name\":\"Catraca do Sider Mod. Facchini Dupla - Engrebras - Loja Virtual\",\"isPartOf\":{\"@id\":\"https:\/\/engrebras.com.br\/#website\"},\"primaryImageOfPage\":{\"@id\":\"https:\/\/engrebras.com.br\/?product=catraca-do-sider-mod-facchini-dupla#primaryimage\"},\"image\":{\"@id\":\"https:\/\/engrebras.com.br\/?product=catraca-do-sider-mod-facchini-dupla#primaryimage\"},\"thumbnailUrl\":\"https:\/\/engrebras.com.br\/wp-content\/uploads\/2025\/05\/Catraca_Facchini_Dupla.jpg\",\"datePublished\":\"2025-05-26T02:58:04+00:00\",\"dateModified\":\"2026-02-02T18:35:35+00:00\",\"breadcrumb\":{\"@id\":\"https:\/\/engrebras.com.br\/?product=catraca-do-sider-mod-facchini-dupla#breadcrumb\"},\"inLanguage\":\"pt-BR\",\"potentialAction\":[{\"@type\":\"ReadAction\",\"target\":[\"https:\/\/engrebras.com.br\/?product=catraca-do-sider-mod-facchini-dupla\"]}]},{\"@type\":\"ImageObject\",\"inLanguage\":\"pt-BR\",\"@id\":\"https:\/\/engrebras.com.br\/?product=catraca-do-sider-mod-facchini-dupla#primaryimage\",\"url\":\"https:\/\/engrebras.com.br\/wp-content\/uploads\/2025\/05\/Catraca_Facchini_Dupla.jpg\",\"contentUrl\":\"https:\/\/engrebras.com.br\/wp-content\/uploads\/2025\/05\/Catraca_Facchini_Dupla.jpg\",\"width\":1485,\"height\":1487},{\"@type\":\"BreadcrumbList\",\"@id\":\"https:\/\/engrebras.com.br\/?product=catraca-do-sider-mod-facchini-dupla#breadcrumb\",\"itemListElement\":[{\"@type\":\"ListItem\",\"position\":1,\"name\":\"In\u00edcio\",\"item\":\"https:\/\/engrebras.com.br\/\"},{\"@type\":\"ListItem\",\"position\":2,\"name\":\"Shop\",\"item\":\"https:\/\/engrebras.com.br\/?page_id=2238\"},{\"@type\":\"ListItem\",\"position\":3,\"name\":\"Catraca do Sider Mod. Facchini Dupla\"}]},{\"@type\":\"WebSite\",\"@id\":\"https:\/\/engrebras.com.br\/#website\",\"url\":\"https:\/\/engrebras.com.br\/\",\"name\":\"Engrebras - Loja Virtual\",\"description\":\"\",\"potentialAction\":[{\"@type\":\"SearchAction\",\"target\":{\"@type\":\"EntryPoint\",\"urlTemplate\":\"https:\/\/engrebras.com.br\/?s={search_term_string}\"},\"query-input\":{\"@type\":\"PropertyValueSpecification\",\"valueRequired\":true,\"valueName\":\"search_term_string\"}}],\"inLanguage\":\"pt-BR\"}]}<\/script>\n<!-- \/ Yoast SEO plugin. -->","yoast_head_json":{"title":"Catraca do Sider Mod. Facchini Dupla - Engrebras - Loja Virtual","robots":{"index":"index","follow":"follow","max-snippet":"max-snippet:-1","max-image-preview":"max-image-preview:large","max-video-preview":"max-video-preview:-1"},"canonical":"https:\/\/engrebras.com.br\/?product=catraca-do-sider-mod-facchini-dupla","og_locale":"pt_BR","og_type":"article","og_title":"Catraca do Sider Mod. Facchini Dupla - Engrebras - Loja Virtual","og_description":"A Catraca Esticadora Modelo Facchini Dupla \u00e9 um componente indispens\u00e1vel para o sistema de amarra\u00e7\u00e3o de lonas em implementos sider. Projetada com alta durabilidade e efici\u00eancia, esta catraca garante a seguran\u00e7a e praticidade no tensionamento das lonas, oferecendo estabilidade e prote\u00e7\u00e3o para cargas transportadas. Modelo: Facchini Dupla; Material: A\u00e7o Galvanizado Indicado para: Carretas modelo Facchini &hellip; Continue reading Catraca do Sider Mod. Facchini Dupla","og_url":"https:\/\/engrebras.com.br\/?product=catraca-do-sider-mod-facchini-dupla","og_site_name":"Engrebras - Loja Virtual","article_modified_time":"2026-02-02T18:35:35+00:00","og_image":[{"width":1485,"height":1487,"url":"https:\/\/engrebras.com.br\/wp-content\/uploads\/2025\/05\/Catraca_Facchini_Dupla.jpg","type":"image\/jpeg"}],"twitter_card":"summary_large_image","twitter_misc":{"Est. tempo de leitura":"1 minuto"},"schema":{"@context":"https:\/\/schema.org","@graph":[{"@type":"WebPage","@id":"https:\/\/engrebras.com.br\/?product=catraca-do-sider-mod-facchini-dupla","url":"https:\/\/engrebras.com.br\/?product=catraca-do-sider-mod-facchini-dupla","name":"Catraca do Sider Mod. Facchini Dupla - Engrebras - Loja Virtual","isPartOf":{"@id":"https:\/\/engrebras.com.br\/#website"},"primaryImageOfPage":{"@id":"https:\/\/engrebras.com.br\/?product=catraca-do-sider-mod-facchini-dupla#primaryimage"},"image":{"@id":"https:\/\/engrebras.com.br\/?product=catraca-do-sider-mod-facchini-dupla#primaryimage"},"thumbnailUrl":"https:\/\/engrebras.com.br\/wp-content\/uploads\/2025\/05\/Catraca_Facchini_Dupla.jpg","datePublished":"2025-05-26T02:58:04+00:00","dateModified":"2026-02-02T18:35:35+00:00","breadcrumb":{"@id":"https:\/\/engrebras.com.br\/?product=catraca-do-sider-mod-facchini-dupla#breadcrumb"},"inLanguage":"pt-BR","potentialAction":[{"@type":"ReadAction","target":["https:\/\/engrebras.com.br\/?product=catraca-do-sider-mod-facchini-dupla"]}]},{"@type":"ImageObject","inLanguage":"pt-BR","@id":"https:\/\/engrebras.com.br\/?product=catraca-do-sider-mod-facchini-dupla#primaryimage","url":"https:\/\/engrebras.com.br\/wp-content\/uploads\/2025\/05\/Catraca_Facchini_Dupla.jpg","contentUrl":"https:\/\/engrebras.com.br\/wp-content\/uploads\/2025\/05\/Catraca_Facchini_Dupla.jpg","width":1485,"height":1487},{"@type":"BreadcrumbList","@id":"https:\/\/engrebras.com.br\/?product=catraca-do-sider-mod-facchini-dupla#breadcrumb","itemListElement":[{"@type":"ListItem","position":1,"name":"In\u00edcio","item":"https:\/\/engrebras.com.br\/"},{"@type":"ListItem","position":2,"name":"Shop","item":"https:\/\/engrebras.com.br\/?page_id=2238"},{"@type":"ListItem","position":3,"name":"Catraca do Sider Mod. Facchini Dupla"}]},{"@type":"WebSite","@id":"https:\/\/engrebras.com.br\/#website","url":"https:\/\/engrebras.com.br\/","name":"Engrebras - Loja Virtual","description":"","potentialAction":[{"@type":"SearchAction","target":{"@type":"EntryPoint","urlTemplate":"https:\/\/engrebras.com.br\/?s={search_term_string}"},"query-input":{"@type":"PropertyValueSpecification","valueRequired":true,"valueName":"search_term_string"}}],"inLanguage":"pt-BR"}]}},"_links":{"self":[{"href":"https:\/\/engrebras.com.br\/index.php?rest_route=\/wp\/v2\/product\/2488","targetHints":{"allow":["GET"]}}],"collection":[{"href":"https:\/\/engrebras.com.br\/index.php?rest_route=\/wp\/v2\/product"}],"about":[{"href":"https:\/\/engrebras.com.br\/index.php?rest_route=\/wp\/v2\/types\/product"}],"replies":[{"embeddable":true,"href":"https:\/\/engrebras.com.br\/index.php?rest_route=%2Fwp%2Fv2%2Fcomments&post=2488"}],"wp:featuredmedia":[{"embeddable":true,"href":"https:\/\/engrebras.com.br\/index.php?rest_route=\/wp\/v2\/media\/2710"}],"wp:attachment":[{"href":"https:\/\/engrebras.com.br\/index.php?rest_route=%2Fwp%2Fv2%2Fmedia&parent=2488"}],"wp:term":[{"taxonomy":"product_brand","embeddable":true,"href":"https:\/\/engrebras.com.br\/index.php?rest_route=%2Fwp%2Fv2%2Fproduct_brand&post=2488"},{"taxonomy":"product_cat","embeddable":true,"href":"https:\/\/engrebras.com.br\/index.php?rest_route=%2Fwp%2Fv2%2Fproduct_cat&post=2488"},{"taxonomy":"product_tag","embeddable":true,"href":"https:\/\/engrebras.com.br\/index.php?rest_route=%2Fwp%2Fv2%2Fproduct_tag&post=2488"}],"curies":[{"name":"wp","href":"https:\/\/api.w.org\/{rel}","templated":true}]}}